{"id":102,"date":"2018-02-19T22:19:21","date_gmt":"2018-02-19T22:19:21","guid":{"rendered":"https:\/\/fnleadingtheway.com\/ca-en\/?page_id=102"},"modified":"2023-05-22T14:29:01","modified_gmt":"2023-05-22T18:29:01","slug":"commission-de-la-fiscalite-des-premieres-nations","status":"publish","type":"page","link":"https:\/\/fnleadingtheway.com\/2023-fr\/commission-de-la-fiscalite-des-premieres-nations\/","title":{"rendered":"Commission de la fiscalit\u00e9 des premi\u00e8res nations"},"content":{"rendered":"<div class=\"fusion-fullwidth fullwidth-box fusion-builder-row-1 nonhundred-percent-fullwidth non-hundred-percent-height-scrolling\" style=\"--awb-background-blend-mode:overlay;--awb-border-radius-top-left:0px;--awb-border-radius-top-right:0px;--awb-border-radius-bottom-right:0px;--awb-border-radius-bottom-left:0px;--awb-padding-top:0px;--awb-padding-right:70px;--awb-padding-bottom:40px;--awb-padding-left:70px;--awb-margin-top:0px;--awb-background-color:rgba(255,255,255,0.92);--awb-flex-wrap:wrap;\" ><div class=\"fusion-builder-row fusion-row\"><div class=\"fusion-layout-column fusion_builder_column fusion-builder-column-0 fusion_builder_column_2_3 2_3 fusion-two-third fusion-column-first\" style=\"--awb-bg-size:cover;--awb-margin-top:20px;width:66.666666666667%;width:calc(66.666666666667% - ( ( 4% ) * 0.66666666666667 ) );margin-right: 4%;\"><div class=\"fusion-column-wrapper fusion-flex-column-wrapper-legacy\"><div class=\"fusion-image-element fusion-image-align-left in-legacy-container\" style=\"text-align:left;--awb-caption-title-font-family:var(--h2_typography-font-family);--awb-caption-title-font-weight:var(--h2_typography-font-weight);--awb-caption-title-font-style:var(--h2_typography-font-style);--awb-caption-title-size:var(--h2_typography-font-size);--awb-caption-title-transform:var(--h2_typography-text-transform);--awb-caption-title-line-height:var(--h2_typography-line-height);--awb-caption-title-letter-spacing:var(--h2_typography-letter-spacing);\"><span class=\" fusion-imageframe imageframe-none imageframe-1 hover-type-none\" style=\"margin-right:25px;float:left;\"><img decoding=\"async\" src=\"data:image\/gif;base64,R0lGODlhAQABAAAAACH5BAEKAAEALAAAAAABAAEAAAICTAEAOw==\" data-orig-src=\"https:\/\/fnleadingtheway.com\/ca-en\/wp-content\/uploads\/2018\/02\/fntc_logo_transparentbackground.png\" alt class=\"lazyload img-responsive\"\/><\/span><\/div><div class=\"fusion-sep-clear\"><\/div><div class=\"fusion-separator fusion-full-width-sep\" style=\"margin-left: auto;margin-right: auto;margin-top:30px;width:100%;\"><\/div><div class=\"fusion-sep-clear\"><\/div><div class=\"fusion-text fusion-text-1\"><p>La Commission de la fiscalit\u00e9 des premi\u00e8res nations aide les gouvernements des Premi\u00e8res nations \u00e0 mettre des r\u00e9gimes d\u2019imposition fonci\u00e8re en \u0153uvre et \u00e0 \u00e9largir leur comp\u00e9tence. La CFPN fournit des outils utiles, \u00e0 savoir, notamment, des mod\u00e8les de textes l\u00e9gislatifs et de r\u00e8glements, des normes et des politiques, de m\u00eame que du soutien et de la formation afin de veiller \u00e0 ce que les Premi\u00e8res nations tirent profit de leurs r\u00e9gimes d\u2019imposition fonci\u00e8re et \u00e0 ce que les contribuables qui paient de l\u2019imp\u00f4t foncier re\u00e7oivent des services de haute qualit\u00e9.<\/p>\n<p>La raison d\u2019\u00eatre de la CFPN va plus loin que l\u2019imp\u00f4t foncier et les recettes locales. Le r\u00f4le de la CFPN consiste \u00e0 cr\u00e9er le cadre juridique et administratif n\u00e9cessaire pour que les march\u00e9s fonctionnent bien sur les terres des Premi\u00e8res nations, en cr\u00e9ant un climat d\u2019investissement concurrentiel au sein des Premi\u00e8res nations et en utilisant la croissance \u00e9conomique comme agent d\u2019accroissement de l\u2019autonomie des Premi\u00e8res nations.<\/p>\n<p>\u00c0 ce jour, la CFPN a approuv\u00e9 plus de 760 textes l\u00e9gislatifs en vertu de la Loi et les Premi\u00e8res nations qui adh\u00e8rent \u00e0 la LGF g\u00e9n\u00e8rent des recettes annuelles de plus de 80 millions de dollars \u00e0 partir de l\u2019imp\u00f4t foncier. Avec les modifications apport\u00e9es r\u00e9cemment \u00e0 la LGF, les Premi\u00e8res nations ont accru leurs pouvoirs d\u2019imposition et \u00e9laborent de nouveaux textes l\u00e9gislatifs, en exer\u00e7ant de plus en plus leur comp\u00e9tence au sein de leurs communaut\u00e9s.<\/p>\n<\/div><div class=\"fusion-sep-clear\"><\/div><div class=\"fusion-separator fusion-full-width-sep\" style=\"margin-left: auto;margin-right: auto;margin-top:30px;width:100%;\"><\/div><div class=\"fusion-sep-clear\"><\/div><div class=\"fusion-align-block\"><a class=\"fusion-button button-flat button-xlarge button-custom fusion-button-default button-1 fusion-button-span-yes fusion-button-default-type\" style=\"--button_accent_color:#ffffff;--button_accent_hover_color:#ffffff;--button_border_hover_color:#ffffff;--button_border_width-top:0;--button_border_width-right:0;--button_border_width-bottom:0;--button_border_width-left:0;--button_gradient_top_color:#00b5af;--button_gradient_bottom_color:#00b5af;--button_gradient_top_color_hover:#f89c4d;--button_gradient_bottom_color_hover:#f89c4d;\" target=\"_blank\" rel=\"noopener noreferrer\" href=\"http:\/\/fntc.ca\/\"><span class=\"fusion-button-text\">SITE WEB: COMMISSION DE LA FISCALIT\u00c9 DES PREMI\u00c8RES NATIONS<\/span><\/a><\/div><div class=\"fusion-sep-clear\"><\/div><div class=\"fusion-separator fusion-full-width-sep\" style=\"margin-left: auto;margin-right: auto;margin-top:50px;width:100%;\"><\/div><div class=\"fusion-sep-clear\"><\/div><div class=\"fusion-text fusion-text-2\"><p><strong>Si\u00e8ge social :<\/strong><br \/>321-345 Chief Alex Thomas Way<br \/>Kamloops (Colombie-Britannique)<br \/>V2H 1H1, Canada<\/p>\n<p>T\u00e9l\u00e9phone : <strong>+1 250-828-9857<\/strong><br \/>T\u00e9l\u00e9copieur : <strong>+1 250-828-9858<\/strong><\/p>\n<p><strong>Bureau de la r\u00e9gion de la capitale nationale :<\/strong><br \/>190, rue O\u2019Connor, bureau 202<br \/>Ottawa (Ontario)<br \/>K2P 2R3, Canada<\/p>\n<p>T\u00e9l\u00e9phone : <strong>+1 613-789-5000<\/strong><br \/>T\u00e9l\u00e9copieur : <strong>+1 613-789-5008<\/strong><\/p>\n<p>Web : <strong><a href=\"http:\/\/fntc.ca\/\" target=\"_blank\" rel=\"noopener noreferrer\">fntc.ca<\/a><\/strong><\/p>\n<\/div><div class=\"fusion-clearfix\"><\/div><\/div><\/div><div class=\"fusion-layout-column fusion_builder_column fusion-builder-column-1 fusion_builder_column_1_3 1_3 fusion-one-third fusion-column-last page\" style=\"--awb-bg-size:cover;--awb-margin-top:-30px;width:33.333333333333%;width:calc(33.333333333333% - ( ( 4% ) * 0.33333333333333 ) );\" id=\"right\"><div class=\"fusion-column-wrapper fusion-flex-column-wrapper-legacy\"><div class=\"fusion-image-element in-legacy-container\" style=\"--awb-caption-title-font-family:var(--h2_typography-font-family);--awb-caption-title-font-weight:var(--h2_typography-font-weight);--awb-caption-title-font-style:var(--h2_typography-font-style);--awb-caption-title-size:var(--h2_typography-font-size);--awb-caption-title-transform:var(--h2_typography-text-transform);--awb-caption-title-line-height:var(--h2_typography-line-height);--awb-caption-title-letter-spacing:var(--h2_typography-letter-spacing);\"><span class=\" fusion-imageframe imageframe-none imageframe-2 hover-type-none\"><a href=\"https:\/\/fnleadingtheway.com\/ca-en\/wp-content\/uploads\/2018\/02\/FNTC-Ontario-Tax-Workshop.jpg\" class=\"fusion-lightbox\" data-rel=\"iLightbox[5da610f65ecbf34efa6]\"><img decoding=\"async\" src=\"data:image\/gif;base64,R0lGODlhAQABAAAAACH5BAEKAAEALAAAAAABAAEAAAICTAEAOw==\" data-orig-src=\"https:\/\/fnleadingtheway.com\/ca-en\/wp-content\/uploads\/2018\/02\/FNTC-Ontario-Tax-Workshop.jpg\" alt class=\"lazyload img-responsive\"\/><\/a><\/span><\/div><div class=\"fusion-sep-clear\"><\/div><div class=\"fusion-separator fusion-full-width-sep\" style=\"margin-left: auto;margin-right: auto;margin-top:10px;width:100%;\"><\/div><div class=\"fusion-sep-clear\"><\/div><div class=\"fusion-text fusion-text-3\"><p class=\"caption\"><strong>Atelier sur l\u2019imp\u00f4t des Premi\u00e8res nations de la CFPN<\/strong><\/p>\n<\/div><div class=\"fusion-sep-clear\"><\/div><div class=\"fusion-separator fusion-full-width-sep\" style=\"margin-left: auto;margin-right: auto;margin-top:20px;width:100%;\"><\/div><div class=\"fusion-sep-clear\"><\/div><div class=\"fusion-image-element in-legacy-container\" style=\"--awb-caption-title-font-family:var(--h2_typography-font-family);--awb-caption-title-font-weight:var(--h2_typography-font-weight);--awb-caption-title-font-style:var(--h2_typography-font-style);--awb-caption-title-size:var(--h2_typography-font-size);--awb-caption-title-transform:var(--h2_typography-text-transform);--awb-caption-title-line-height:var(--h2_typography-line-height);--awb-caption-title-letter-spacing:var(--h2_typography-letter-spacing);\"><span class=\" fusion-imageframe imageframe-none imageframe-3 hover-type-none\"><a href=\"https:\/\/fnleadingtheway.com\/ca-en\/wp-content\/uploads\/2018\/02\/True-N2N.jpg\" class=\"fusion-lightbox\" data-rel=\"iLightbox[775d8732b2e29f2d117]\"><img decoding=\"async\" src=\"data:image\/gif;base64,R0lGODlhAQABAAAAACH5BAEKAAEALAAAAAABAAEAAAICTAEAOw==\" data-orig-src=\"https:\/\/fnleadingtheway.com\/ca-en\/wp-content\/uploads\/2018\/02\/True-N2N.jpg\" alt class=\"lazyload img-responsive\"\/><\/a><\/span><\/div><div class=\"fusion-sep-clear\"><\/div><div class=\"fusion-separator fusion-full-width-sep\" style=\"margin-left: auto;margin-right: auto;margin-top:10px;width:100%;\"><\/div><div class=\"fusion-sep-clear\"><\/div><div class=\"fusion-text fusion-text-4\"><p class=\"caption\"><a href=\"http:\/\/fntc.ca\/defining-a-first-nations-fiscal-relationship-with-the-crown\/\" target=\"_blank\" rel=\"noopener noreferrer\"><strong>De fntc.ca<\/strong><\/a><\/p>\n<\/div><div class=\"fusion-sep-clear\"><\/div><div class=\"fusion-separator fusion-full-width-sep\" style=\"margin-left: auto;margin-right: auto;margin-top:20px;width:100%;\"><\/div><div class=\"fusion-sep-clear\"><\/div><div class=\"fusion-image-element in-legacy-container\" style=\"--awb-caption-title-font-family:var(--h2_typography-font-family);--awb-caption-title-font-weight:var(--h2_typography-font-weight);--awb-caption-title-font-style:var(--h2_typography-font-style);--awb-caption-title-size:var(--h2_typography-font-size);--awb-caption-title-transform:var(--h2_typography-text-transform);--awb-caption-title-line-height:var(--h2_typography-line-height);--awb-caption-title-letter-spacing:var(--h2_typography-letter-spacing);\"><span class=\" fusion-imageframe imageframe-none imageframe-4 hover-type-none\"><a href=\"https:\/\/fnleadingtheway.com\/ca-en\/wp-content\/uploads\/2018\/02\/Strategies-to-Move-Forward.jpeg\" class=\"fusion-lightbox\" data-rel=\"iLightbox[bdd518c149743701e8a]\"><img decoding=\"async\" src=\"data:image\/gif;base64,R0lGODlhAQABAAAAACH5BAEKAAEALAAAAAABAAEAAAICTAEAOw==\" data-orig-src=\"https:\/\/fnleadingtheway.com\/ca-en\/wp-content\/uploads\/2018\/02\/Strategies-to-Move-Forward.jpeg\" alt class=\"lazyload img-responsive\"\/><\/a><\/span><\/div><div class=\"fusion-sep-clear\"><\/div><div class=\"fusion-separator fusion-full-width-sep\" style=\"margin-left: auto;margin-right: auto;margin-top:10px;width:100%;\"><\/div><div class=\"fusion-sep-clear\"><\/div><div class=\"fusion-text fusion-text-5\"><p class=\"caption\"><a href=\"http:\/\/fntc.ca\/first-nations-fiscal-relations-in-the-21st-century\/\" target=\"_blank\" rel=\"noopener noreferrer\"><strong>De fntc.ca<\/strong><\/a><\/p>\n<\/div><div class=\"fusion-clearfix\"><\/div><\/div><\/div><\/div><\/div>\n","protected":false},"excerpt":{"rendered":"","protected":false},"author":1,"featured_media":0,"parent":0,"menu_order":0,"comment_status":"closed","ping_status":"closed","template":"","meta":{"footnotes":""},"yoast_head":"<!-- This site is optimized with the Yoast SEO plugin v21.3 - https:\/\/yoast.com\/wordpress\/plugins\/seo\/ -->\n<title>Commission de la fiscalit\u00e9 des premi\u00e8res nations | Premi\u00e8res Nations en T\u00eate | RENCONTRE NATIONALE DE 2023<\/title>\n<meta name=\"robots\" content=\"index, follow, max-snippet:-1, max-image-preview:large, max-video-preview:-1\" \/>\n<link rel=\"canonical\" href=\"https:\/\/fnleadingtheway.com\/2023-fr\/commission-de-la-fiscalite-des-premieres-nations\/\" \/>\n<meta property=\"og:locale\" content=\"en_US\" \/>\n<meta property=\"og:type\" content=\"article\" \/>\n<meta property=\"og:title\" content=\"Commission de la fiscalit\u00e9 des premi\u00e8res nations | Premi\u00e8res Nations en T\u00eate | RENCONTRE NATIONALE DE 2023\" \/>\n<meta property=\"og:url\" content=\"https:\/\/fnleadingtheway.com\/2023-fr\/commission-de-la-fiscalite-des-premieres-nations\/\" \/>\n<meta property=\"og:site_name\" content=\"Premi\u00e8res Nations en T\u00eate | RENCONTRE NATIONALE DE 2023\" \/>\n<meta property=\"article:modified_time\" content=\"2023-05-22T18:29:01+00:00\" \/>\n<meta name=\"twitter:card\" content=\"summary_large_image\" \/>\n<meta name=\"twitter:label1\" content=\"Est. reading time\" \/>\n\t<meta name=\"twitter:data1\" content=\"3 minutes\" \/>\n<script type=\"application\/ld+json\" class=\"yoast-schema-graph\">{\"@context\":\"https:\/\/schema.org\",\"@graph\":[{\"@type\":\"WebPage\",\"@id\":\"https:\/\/fnleadingtheway.com\/2023-fr\/commission-de-la-fiscalite-des-premieres-nations\/\",\"url\":\"https:\/\/fnleadingtheway.com\/2023-fr\/commission-de-la-fiscalite-des-premieres-nations\/\",\"name\":\"Commission de la fiscalit\u00e9 des premi\u00e8res nations | Premi\u00e8res Nations en T\u00eate | RENCONTRE NATIONALE DE 2023\",\"isPartOf\":{\"@id\":\"https:\/\/fnleadingtheway.com\/2023-fr\/#website\"},\"datePublished\":\"2018-02-19T22:19:21+00:00\",\"dateModified\":\"2023-05-22T18:29:01+00:00\",\"breadcrumb\":{\"@id\":\"https:\/\/fnleadingtheway.com\/2023-fr\/commission-de-la-fiscalite-des-premieres-nations\/#breadcrumb\"},\"inLanguage\":\"en-CA\",\"potentialAction\":[{\"@type\":\"ReadAction\",\"target\":[\"https:\/\/fnleadingtheway.com\/2023-fr\/commission-de-la-fiscalite-des-premieres-nations\/\"]}]},{\"@type\":\"BreadcrumbList\",\"@id\":\"https:\/\/fnleadingtheway.com\/2023-fr\/commission-de-la-fiscalite-des-premieres-nations\/#breadcrumb\",\"itemListElement\":[{\"@type\":\"ListItem\",\"position\":1,\"name\":\"Home\",\"item\":\"https:\/\/fnleadingtheway.com\/2023-fr\/\"},{\"@type\":\"ListItem\",\"position\":2,\"name\":\"Commission de la fiscalit\u00e9 des premi\u00e8res nations\"}]},{\"@type\":\"WebSite\",\"@id\":\"https:\/\/fnleadingtheway.com\/2023-fr\/#website\",\"url\":\"https:\/\/fnleadingtheway.com\/2023-fr\/\",\"name\":\"Premi\u00e8res Nations en T\u00eate | RENCONTRE NATIONALE DE 2020\",\"description\":\"Les Premi\u00e8res Nations ouvrent la voie. R\u00e9union annuelle des institutions des Premi\u00e8res nations du Canada 2023\",\"publisher\":{\"@id\":\"https:\/\/fnleadingtheway.com\/2023-fr\/#organization\"},\"potentialAction\":[{\"@type\":\"SearchAction\",\"target\":{\"@type\":\"EntryPoint\",\"urlTemplate\":\"https:\/\/fnleadingtheway.com\/2023-fr\/?s={search_term_string}\"},\"query-input\":\"required name=search_term_string\"}],\"inLanguage\":\"en-CA\"},{\"@type\":\"Organization\",\"@id\":\"https:\/\/fnleadingtheway.com\/2023-fr\/#organization\",\"name\":\"INSTITUTIONS FISCALES DES PREMI\u00c8RES NATIONS ET CONSEIL CONSULTATIF DES TERRES\",\"url\":\"https:\/\/fnleadingtheway.com\/2023-fr\/\",\"logo\":{\"@type\":\"ImageObject\",\"inLanguage\":\"en-CA\",\"@id\":\"https:\/\/fnleadingtheway.com\/2023-fr\/#\/schema\/logo\/image\/\",\"url\":\"https:\/\/fnleadingtheway.com\/2022-fr\/wp-content\/uploads\/2019\/03\/FNFILAB-group-logo-400px.png\",\"contentUrl\":\"https:\/\/fnleadingtheway.com\/2022-fr\/wp-content\/uploads\/2019\/03\/FNFILAB-group-logo-400px.png\",\"width\":400,\"height\":68,\"caption\":\"INSTITUTIONS FISCALES DES PREMI\u00c8RES NATIONS ET CONSEIL CONSULTATIF DES TERRES\"},\"image\":{\"@id\":\"https:\/\/fnleadingtheway.com\/2023-fr\/#\/schema\/logo\/image\/\"}}]}<\/script>\n<!-- \/ Yoast SEO plugin. -->","yoast_head_json":{"title":"Commission de la fiscalit\u00e9 des premi\u00e8res nations | Premi\u00e8res Nations en T\u00eate | RENCONTRE NATIONALE DE 2023","robots":{"index":"index","follow":"follow","max-snippet":"max-snippet:-1","max-image-preview":"max-image-preview:large","max-video-preview":"max-video-preview:-1"},"canonical":"https:\/\/fnleadingtheway.com\/2023-fr\/commission-de-la-fiscalite-des-premieres-nations\/","og_locale":"en_US","og_type":"article","og_title":"Commission de la fiscalit\u00e9 des premi\u00e8res nations | Premi\u00e8res Nations en T\u00eate | RENCONTRE NATIONALE DE 2023","og_url":"https:\/\/fnleadingtheway.com\/2023-fr\/commission-de-la-fiscalite-des-premieres-nations\/","og_site_name":"Premi\u00e8res Nations en T\u00eate | RENCONTRE NATIONALE DE 2023","article_modified_time":"2023-05-22T18:29:01+00:00","twitter_card":"summary_large_image","twitter_misc":{"Est. reading time":"3 minutes"},"schema":{"@context":"https:\/\/schema.org","@graph":[{"@type":"WebPage","@id":"https:\/\/fnleadingtheway.com\/2023-fr\/commission-de-la-fiscalite-des-premieres-nations\/","url":"https:\/\/fnleadingtheway.com\/2023-fr\/commission-de-la-fiscalite-des-premieres-nations\/","name":"Commission de la fiscalit\u00e9 des premi\u00e8res nations | Premi\u00e8res Nations en T\u00eate | RENCONTRE NATIONALE DE 2023","isPartOf":{"@id":"https:\/\/fnleadingtheway.com\/2023-fr\/#website"},"datePublished":"2018-02-19T22:19:21+00:00","dateModified":"2023-05-22T18:29:01+00:00","breadcrumb":{"@id":"https:\/\/fnleadingtheway.com\/2023-fr\/commission-de-la-fiscalite-des-premieres-nations\/#breadcrumb"},"inLanguage":"en-CA","potentialAction":[{"@type":"ReadAction","target":["https:\/\/fnleadingtheway.com\/2023-fr\/commission-de-la-fiscalite-des-premieres-nations\/"]}]},{"@type":"BreadcrumbList","@id":"https:\/\/fnleadingtheway.com\/2023-fr\/commission-de-la-fiscalite-des-premieres-nations\/#breadcrumb","itemListElement":[{"@type":"ListItem","position":1,"name":"Home","item":"https:\/\/fnleadingtheway.com\/2023-fr\/"},{"@type":"ListItem","position":2,"name":"Commission de la fiscalit\u00e9 des premi\u00e8res nations"}]},{"@type":"WebSite","@id":"https:\/\/fnleadingtheway.com\/2023-fr\/#website","url":"https:\/\/fnleadingtheway.com\/2023-fr\/","name":"Premi\u00e8res Nations en T\u00eate | RENCONTRE NATIONALE DE 2020","description":"Les Premi\u00e8res Nations ouvrent la voie. R\u00e9union annuelle des institutions des Premi\u00e8res nations du Canada 2023","publisher":{"@id":"https:\/\/fnleadingtheway.com\/2023-fr\/#organization"},"potentialAction":[{"@type":"SearchAction","target":{"@type":"EntryPoint","urlTemplate":"https:\/\/fnleadingtheway.com\/2023-fr\/?s={search_term_string}"},"query-input":"required name=search_term_string"}],"inLanguage":"en-CA"},{"@type":"Organization","@id":"https:\/\/fnleadingtheway.com\/2023-fr\/#organization","name":"INSTITUTIONS FISCALES DES PREMI\u00c8RES NATIONS ET CONSEIL CONSULTATIF DES TERRES","url":"https:\/\/fnleadingtheway.com\/2023-fr\/","logo":{"@type":"ImageObject","inLanguage":"en-CA","@id":"https:\/\/fnleadingtheway.com\/2023-fr\/#\/schema\/logo\/image\/","url":"https:\/\/fnleadingtheway.com\/2022-fr\/wp-content\/uploads\/2019\/03\/FNFILAB-group-logo-400px.png","contentUrl":"https:\/\/fnleadingtheway.com\/2022-fr\/wp-content\/uploads\/2019\/03\/FNFILAB-group-logo-400px.png","width":400,"height":68,"caption":"INSTITUTIONS FISCALES DES PREMI\u00c8RES NATIONS ET CONSEIL CONSULTATIF DES TERRES"},"image":{"@id":"https:\/\/fnleadingtheway.com\/2023-fr\/#\/schema\/logo\/image\/"}}]}},"_links":{"self":[{"href":"https:\/\/fnleadingtheway.com\/2023-fr\/wp-json\/wp\/v2\/pages\/102"}],"collection":[{"href":"https:\/\/fnleadingtheway.com\/2023-fr\/wp-json\/wp\/v2\/pages"}],"about":[{"href":"https:\/\/fnleadingtheway.com\/2023-fr\/wp-json\/wp\/v2\/types\/page"}],"author":[{"embeddable":true,"href":"https:\/\/fnleadingtheway.com\/2023-fr\/wp-json\/wp\/v2\/users\/1"}],"replies":[{"embeddable":true,"href":"https:\/\/fnleadingtheway.com\/2023-fr\/wp-json\/wp\/v2\/comments?post=102"}],"version-history":[{"count":7,"href":"https:\/\/fnleadingtheway.com\/2023-fr\/wp-json\/wp\/v2\/pages\/102\/revisions"}],"predecessor-version":[{"id":2603,"href":"https:\/\/fnleadingtheway.com\/2023-fr\/wp-json\/wp\/v2\/pages\/102\/revisions\/2603"}],"wp:attachment":[{"href":"https:\/\/fnleadingtheway.com\/2023-fr\/wp-json\/wp\/v2\/media?parent=102"}],"curies":[{"name":"wp","href":"https:\/\/api.w.org\/{rel}","templated":true}]}}