{"id":2580,"date":"2023-05-22T13:57:49","date_gmt":"2023-05-22T17:57:49","guid":{"rendered":"https:\/\/fnleadingtheway.com\/2023-fr\/?page_id=2580"},"modified":"2023-05-22T21:04:01","modified_gmt":"2023-05-23T01:04:01","slug":"institut-des-infrastructures-des-premieres-nations-iipn","status":"publish","type":"page","link":"https:\/\/fnleadingtheway.com\/2023-fr\/institut-des-infrastructures-des-premieres-nations-iipn\/","title":{"rendered":"Institut des infrastructures des Premi\u00e8res nations (IIPN)"},"content":{"rendered":"<div class=\"fusion-fullwidth fullwidth-box fusion-builder-row-1 nonhundred-percent-fullwidth non-hundred-percent-height-scrolling\" style=\"--awb-border-radius-top-left:0px;--awb-border-radius-top-right:0px;--awb-border-radius-bottom-right:0px;--awb-border-radius-bottom-left:0px;--awb-padding-top:0px;--awb-padding-right:70px;--awb-padding-bottom:40px;--awb-padding-left:70px;--awb-margin-top:0px;--awb-background-color:rgba(255,255,255,0.90);--awb-flex-wrap:wrap;\" ><div class=\"fusion-builder-row fusion-row\"><div class=\"fusion-layout-column fusion_builder_column fusion-builder-column-0 fusion_builder_column_2_3 2_3 fusion-two-third fusion-column-first\" style=\"--awb-padding-top:20px;--awb-bg-size:cover;--awb-margin-top:20px;width:66.666666666667%;width:calc(66.666666666667% - ( ( 4% ) * 0.66666666666667 ) );margin-right: 4%;\"><div class=\"fusion-column-wrapper fusion-flex-column-wrapper-legacy\"><div class=\"fusion-column-content-centered\"><div class=\"fusion-column-content\"><div class=\"fusion-image-element fusion-image-align-left in-legacy-container\" style=\"text-align:left;--awb-max-width:500px;--awb-caption-title-font-family:var(--h2_typography-font-family);--awb-caption-title-font-weight:var(--h2_typography-font-weight);--awb-caption-title-font-style:var(--h2_typography-font-style);--awb-caption-title-size:var(--h2_typography-font-size);--awb-caption-title-transform:var(--h2_typography-text-transform);--awb-caption-title-line-height:var(--h2_typography-line-height);--awb-caption-title-letter-spacing:var(--h2_typography-letter-spacing);\"><span class=\" fusion-imageframe imageframe-none imageframe-1 hover-type-none\" style=\"margin-right:25px;float:left;\"><img decoding=\"async\" width=\"532\" height=\"120\" title=\"FNII_Logo_Bilingual_Colour\" src=\"https:\/\/fnleadingtheway.com\/2023-fr\/wp-content\/uploads\/2023\/05\/FNII_Logo_Bilingual_Colour.png\" data-orig-src=\"https:\/\/fnleadingtheway.com\/2023-fr\/wp-content\/uploads\/2023\/05\/FNII_Logo_Bilingual_Colour.png\" alt class=\"lazyload img-responsive wp-image-2582\" srcset=\"data:image\/svg+xml,%3Csvg%20xmlns%3D%27http%3A%2F%2Fwww.w3.org%2F2000%2Fsvg%27%20width%3D%27532%27%20height%3D%27120%27%20viewBox%3D%270%200%20532%20120%27%3E%3Crect%20width%3D%27532%27%20height%3D%27120%27%20fill-opacity%3D%220%22%2F%3E%3C%2Fsvg%3E\" data-srcset=\"https:\/\/fnleadingtheway.com\/2023-fr\/wp-content\/uploads\/2023\/05\/FNII_Logo_Bilingual_Colour-200x45.png 200w, https:\/\/fnleadingtheway.com\/2023-fr\/wp-content\/uploads\/2023\/05\/FNII_Logo_Bilingual_Colour-400x90.png 400w, https:\/\/fnleadingtheway.com\/2023-fr\/wp-content\/uploads\/2023\/05\/FNII_Logo_Bilingual_Colour.png 532w\" data-sizes=\"auto\" data-orig-sizes=\"(max-width: 900px) 100vw, 532px\" \/><\/span><\/div><div class=\"fusion-sep-clear\"><\/div><div class=\"fusion-separator fusion-full-width-sep\" style=\"margin-left: auto;margin-right: auto;margin-top:20px;width:100%;\"><\/div><div class=\"fusion-sep-clear\"><\/div><div class=\"fusion-text fusion-text-1\"><p>Des infrastructures publiques de qualit\u00e9 sont essentielles \u00e0 la sant\u00e9 et \u00e0 la durabilit\u00e9 des communaut\u00e9s autochtones. Le First Nations Infrastructure Institute (FNII) est une initiative dirig\u00e9e par des autochtones qui aidera les communaut\u00e9s autochtones \u00e0 planifier, acqu\u00e9rir, poss\u00e9der et g\u00e9rer leurs infrastructures sur leurs terres.<\/p>\n<p>L&#8217;IIPN travaillera avec les Premi\u00e8res nations et\/ou les organisations autochtones participantes pour mettre en place une \u00e9quipe de projet, renforcer les capacit\u00e9s et r\u00e9aliser les projets.<\/p>\n<p>Certaines communaut\u00e9s et organisations peuvent avoir besoin de beaucoup de soutien et d&#8217;autres de tr\u00e8s peu. L&#8217;approche de l&#8217;IIPN est souple et s&#8217;adapte aux capacit\u00e9s existantes des communaut\u00e9s.<\/p>\n<p>Les projets d&#8217;infrastructure qui r\u00e9pondent aux normes de l&#8217;IIPN enverront un message aux membres, aux pr\u00eateurs, aux bailleurs de fonds et aux partenaires selon lequel la diligence raisonnable d&#8217;un projet r\u00e9pond aux meilleures pratiques.<\/p>\n<\/div><div class=\"fusion-sep-clear\"><\/div><div class=\"fusion-separator fusion-full-width-sep\" style=\"margin-left: auto;margin-right: auto;margin-top:30px;width:100%;\"><\/div><div class=\"fusion-sep-clear\"><\/div><div class=\"fusion-align-block\"><a class=\"fusion-button button-flat button-xlarge button-custom fusion-button-default button-1 fusion-button-span-yes fusion-button-default-type\" style=\"--button_accent_color:#ffffff;--button_accent_hover_color:#ffffff;--button_border_hover_color:#ffffff;--button_border_width-top:0;--button_border_width-right:0;--button_border_width-bottom:0;--button_border_width-left:0;--button_gradient_top_color:#00b5af;--button_gradient_bottom_color:#00b5af;--button_gradient_top_color_hover:#f89c4d;--button_gradient_bottom_color_hover:#f89c4d;\" target=\"_blank\" rel=\"noopener noreferrer\" href=\"http:\/\/labrc.com\/\"><span class=\"fusion-button-text\">SITE WEB: Institut des infrastructures des Premi\u00e8res nations<\/span><\/a><\/div><div class=\"fusion-sep-clear\"><\/div><div class=\"fusion-separator fusion-full-width-sep\" style=\"margin-left: auto;margin-right: auto;margin-top:50px;width:100%;\"><\/div><div class=\"fusion-sep-clear\"><\/div><div class=\"fusion-text fusion-text-2\"><p>Ligne sans frais : <strong>+1 855-682-3682<\/strong><br \/>\nCourriel : <strong><a href=\"mailto:info@fnii.ca\">info@fnii.ca<\/a><\/strong><br \/>\nWeb : <strong><a href=\"https:\/\/fnii.ca\/\" target=\"_blank\" rel=\"noopener noreferrer\">fnii.ca<\/a><\/strong><\/p>\n<\/div><\/div><\/div><div class=\"fusion-clearfix\"><\/div><\/div><\/div><div class=\"fusion-layout-column fusion_builder_column fusion-builder-column-1 fusion_builder_column_1_3 1_3 fusion-one-third fusion-column-last page\" style=\"--awb-bg-size:cover;--awb-margin-top:-30px;width:33.333333333333%;width:calc(33.333333333333% - ( ( 4% ) * 0.33333333333333 ) );\" id=\"right\"><div class=\"fusion-column-wrapper fusion-flex-column-wrapper-legacy\"><div class=\"fusion-image-element in-legacy-container\" style=\"--awb-caption-title-font-family:var(--h2_typography-font-family);--awb-caption-title-font-weight:var(--h2_typography-font-weight);--awb-caption-title-font-style:var(--h2_typography-font-style);--awb-caption-title-size:var(--h2_typography-font-size);--awb-caption-title-transform:var(--h2_typography-text-transform);--awb-caption-title-line-height:var(--h2_typography-line-height);--awb-caption-title-letter-spacing:var(--h2_typography-letter-spacing);\"><span class=\" fusion-imageframe imageframe-none imageframe-2 hover-type-none\"><img decoding=\"async\" width=\"1024\" height=\"682\" title=\"FNII-4\" src=\"https:\/\/fnleadingtheway.com\/2023-fr\/wp-content\/uploads\/2023\/05\/FNII-4.jpeg\" data-orig-src=\"https:\/\/fnleadingtheway.com\/2023-fr\/wp-content\/uploads\/2023\/05\/FNII-4.jpeg\" alt class=\"lazyload img-responsive wp-image-2586\" srcset=\"data:image\/svg+xml,%3Csvg%20xmlns%3D%27http%3A%2F%2Fwww.w3.org%2F2000%2Fsvg%27%20width%3D%271024%27%20height%3D%27682%27%20viewBox%3D%270%200%201024%20682%27%3E%3Crect%20width%3D%271024%27%20height%3D%27682%27%20fill-opacity%3D%220%22%2F%3E%3C%2Fsvg%3E\" data-srcset=\"https:\/\/fnleadingtheway.com\/2023-fr\/wp-content\/uploads\/2023\/05\/FNII-4-200x133.jpeg 200w, https:\/\/fnleadingtheway.com\/2023-fr\/wp-content\/uploads\/2023\/05\/FNII-4-400x266.jpeg 400w, https:\/\/fnleadingtheway.com\/2023-fr\/wp-content\/uploads\/2023\/05\/FNII-4-600x400.jpeg 600w, https:\/\/fnleadingtheway.com\/2023-fr\/wp-content\/uploads\/2023\/05\/FNII-4-800x533.jpeg 800w, https:\/\/fnleadingtheway.com\/2023-fr\/wp-content\/uploads\/2023\/05\/FNII-4.jpeg 1024w\" data-sizes=\"auto\" data-orig-sizes=\"(max-width: 900px) 100vw, 600px\" \/><\/span><\/div><div class=\"fusion-sep-clear\"><\/div><div class=\"fusion-separator fusion-full-width-sep\" style=\"margin-left: auto;margin-right: auto;margin-bottom:12px;width:100%;\"><\/div><div class=\"fusion-sep-clear\"><\/div><div class=\"fusion-image-element in-legacy-container\" style=\"--awb-caption-title-font-family:var(--h2_typography-font-family);--awb-caption-title-font-weight:var(--h2_typography-font-weight);--awb-caption-title-font-style:var(--h2_typography-font-style);--awb-caption-title-size:var(--h2_typography-font-size);--awb-caption-title-transform:var(--h2_typography-text-transform);--awb-caption-title-line-height:var(--h2_typography-line-height);--awb-caption-title-letter-spacing:var(--h2_typography-letter-spacing);\"><span class=\" fusion-imageframe imageframe-none imageframe-3 hover-type-none\"><img decoding=\"async\" width=\"1024\" height=\"576\" title=\"FNII-1\" src=\"https:\/\/fnleadingtheway.com\/2023-fr\/wp-content\/uploads\/2023\/05\/FNII-1.jpeg\" data-orig-src=\"https:\/\/fnleadingtheway.com\/2023-fr\/wp-content\/uploads\/2023\/05\/FNII-1.jpeg\" alt class=\"lazyload img-responsive wp-image-2583\" srcset=\"data:image\/svg+xml,%3Csvg%20xmlns%3D%27http%3A%2F%2Fwww.w3.org%2F2000%2Fsvg%27%20width%3D%271024%27%20height%3D%27576%27%20viewBox%3D%270%200%201024%20576%27%3E%3Crect%20width%3D%271024%27%20height%3D%27576%27%20fill-opacity%3D%220%22%2F%3E%3C%2Fsvg%3E\" data-srcset=\"https:\/\/fnleadingtheway.com\/2023-fr\/wp-content\/uploads\/2023\/05\/FNII-1-200x113.jpeg 200w, https:\/\/fnleadingtheway.com\/2023-fr\/wp-content\/uploads\/2023\/05\/FNII-1-400x225.jpeg 400w, https:\/\/fnleadingtheway.com\/2023-fr\/wp-content\/uploads\/2023\/05\/FNII-1-600x338.jpeg 600w, https:\/\/fnleadingtheway.com\/2023-fr\/wp-content\/uploads\/2023\/05\/FNII-1-800x450.jpeg 800w, https:\/\/fnleadingtheway.com\/2023-fr\/wp-content\/uploads\/2023\/05\/FNII-1.jpeg 1024w\" data-sizes=\"auto\" data-orig-sizes=\"(max-width: 900px) 100vw, 600px\" \/><\/span><\/div><div class=\"fusion-sep-clear\"><\/div><div class=\"fusion-separator fusion-full-width-sep\" style=\"margin-left: auto;margin-right: auto;margin-bottom:12px;width:100%;\"><\/div><div class=\"fusion-sep-clear\"><\/div><div class=\"fusion-image-element in-legacy-container\" style=\"--awb-caption-title-font-family:var(--h2_typography-font-family);--awb-caption-title-font-weight:var(--h2_typography-font-weight);--awb-caption-title-font-style:var(--h2_typography-font-style);--awb-caption-title-size:var(--h2_typography-font-size);--awb-caption-title-transform:var(--h2_typography-text-transform);--awb-caption-title-line-height:var(--h2_typography-line-height);--awb-caption-title-letter-spacing:var(--h2_typography-letter-spacing);\"><span class=\" fusion-imageframe imageframe-none imageframe-4 hover-type-none\"><a href=\"https:\/\/fnleadingtheway.com\/2023-fr\/wp-content\/uploads\/2023\/05\/FNII-2.jpeg\" class=\"fusion-lightbox\" data-rel=\"iLightbox[bd972f6407df589a484]\" data-title=\"FNII-2\" title=\"FNII-2\"><img decoding=\"async\" width=\"1024\" height=\"576\" src=\"https:\/\/fnleadingtheway.com\/2023-fr\/wp-content\/uploads\/2023\/05\/FNII-2.jpeg\" data-orig-src=\"https:\/\/fnleadingtheway.com\/2023-fr\/wp-content\/uploads\/2023\/05\/FNII-2.jpeg\" alt class=\"lazyload img-responsive wp-image-2584\" srcset=\"data:image\/svg+xml,%3Csvg%20xmlns%3D%27http%3A%2F%2Fwww.w3.org%2F2000%2Fsvg%27%20width%3D%271024%27%20height%3D%27576%27%20viewBox%3D%270%200%201024%20576%27%3E%3Crect%20width%3D%271024%27%20height%3D%27576%27%20fill-opacity%3D%220%22%2F%3E%3C%2Fsvg%3E\" data-srcset=\"https:\/\/fnleadingtheway.com\/2023-fr\/wp-content\/uploads\/2023\/05\/FNII-2-200x113.jpeg 200w, https:\/\/fnleadingtheway.com\/2023-fr\/wp-content\/uploads\/2023\/05\/FNII-2-400x225.jpeg 400w, https:\/\/fnleadingtheway.com\/2023-fr\/wp-content\/uploads\/2023\/05\/FNII-2-600x338.jpeg 600w, https:\/\/fnleadingtheway.com\/2023-fr\/wp-content\/uploads\/2023\/05\/FNII-2-800x450.jpeg 800w, https:\/\/fnleadingtheway.com\/2023-fr\/wp-content\/uploads\/2023\/05\/FNII-2.jpeg 1024w\" data-sizes=\"auto\" data-orig-sizes=\"(max-width: 900px) 100vw, 600px\" \/><\/a><\/span><\/div><div class=\"fusion-sep-clear\"><\/div><div class=\"fusion-separator fusion-full-width-sep\" style=\"margin-left: auto;margin-right: auto;margin-bottom:12px;width:100%;\"><\/div><div class=\"fusion-sep-clear\"><\/div><div class=\"fusion-image-element in-legacy-container\" style=\"--awb-caption-title-font-family:var(--h2_typography-font-family);--awb-caption-title-font-weight:var(--h2_typography-font-weight);--awb-caption-title-font-style:var(--h2_typography-font-style);--awb-caption-title-size:var(--h2_typography-font-size);--awb-caption-title-transform:var(--h2_typography-text-transform);--awb-caption-title-line-height:var(--h2_typography-line-height);--awb-caption-title-letter-spacing:var(--h2_typography-letter-spacing);\"><span class=\" fusion-imageframe imageframe-none imageframe-5 hover-type-none\"><img decoding=\"async\" width=\"1024\" height=\"682\" title=\"FNII-5\" src=\"https:\/\/fnleadingtheway.com\/2023-fr\/wp-content\/uploads\/2023\/05\/FNII-5.jpeg\" data-orig-src=\"https:\/\/fnleadingtheway.com\/2023-fr\/wp-content\/uploads\/2023\/05\/FNII-5.jpeg\" alt class=\"lazyload img-responsive wp-image-2587\" srcset=\"data:image\/svg+xml,%3Csvg%20xmlns%3D%27http%3A%2F%2Fwww.w3.org%2F2000%2Fsvg%27%20width%3D%271024%27%20height%3D%27682%27%20viewBox%3D%270%200%201024%20682%27%3E%3Crect%20width%3D%271024%27%20height%3D%27682%27%20fill-opacity%3D%220%22%2F%3E%3C%2Fsvg%3E\" data-srcset=\"https:\/\/fnleadingtheway.com\/2023-fr\/wp-content\/uploads\/2023\/05\/FNII-5-200x133.jpeg 200w, https:\/\/fnleadingtheway.com\/2023-fr\/wp-content\/uploads\/2023\/05\/FNII-5-400x266.jpeg 400w, https:\/\/fnleadingtheway.com\/2023-fr\/wp-content\/uploads\/2023\/05\/FNII-5-600x400.jpeg 600w, https:\/\/fnleadingtheway.com\/2023-fr\/wp-content\/uploads\/2023\/05\/FNII-5-800x533.jpeg 800w, https:\/\/fnleadingtheway.com\/2023-fr\/wp-content\/uploads\/2023\/05\/FNII-5.jpeg 1024w\" data-sizes=\"auto\" data-orig-sizes=\"(max-width: 900px) 100vw, 600px\" \/><\/span><\/div><div class=\"fusion-clearfix\"><\/div><\/div><\/div><\/div><\/div>\n","protected":false},"excerpt":{"rendered":"","protected":false},"author":1,"featured_media":0,"parent":0,"menu_order":0,"comment_status":"closed","ping_status":"closed","template":"","meta":{"footnotes":""},"yoast_head":"<!-- This site is optimized with the Yoast SEO plugin v21.3 - https:\/\/yoast.com\/wordpress\/plugins\/seo\/ -->\n<title>Institut des infrastructures des Premi\u00e8res nations (IIPN) | Premi\u00e8res Nations en T\u00eate | RENCONTRE NATIONALE DE 2023<\/title>\n<meta name=\"robots\" content=\"index, follow, max-snippet:-1, max-image-preview:large, max-video-preview:-1\" \/>\n<link rel=\"canonical\" href=\"https:\/\/fnleadingtheway.com\/2023-fr\/institut-des-infrastructures-des-premieres-nations-iipn\/\" \/>\n<meta property=\"og:locale\" content=\"en_US\" \/>\n<meta property=\"og:type\" content=\"article\" \/>\n<meta property=\"og:title\" content=\"Institut des infrastructures des Premi\u00e8res nations (IIPN) | Premi\u00e8res Nations en T\u00eate | RENCONTRE NATIONALE DE 2023\" \/>\n<meta property=\"og:url\" content=\"https:\/\/fnleadingtheway.com\/2023-fr\/institut-des-infrastructures-des-premieres-nations-iipn\/\" \/>\n<meta property=\"og:site_name\" content=\"Premi\u00e8res Nations en T\u00eate | RENCONTRE NATIONALE DE 2023\" \/>\n<meta property=\"article:modified_time\" content=\"2023-05-23T01:04:01+00:00\" \/>\n<meta name=\"twitter:card\" content=\"summary_large_image\" \/>\n<meta name=\"twitter:label1\" content=\"Est. reading time\" \/>\n\t<meta name=\"twitter:data1\" content=\"3 minutes\" \/>\n<script type=\"application\/ld+json\" class=\"yoast-schema-graph\">{\"@context\":\"https:\/\/schema.org\",\"@graph\":[{\"@type\":\"WebPage\",\"@id\":\"https:\/\/fnleadingtheway.com\/2023-fr\/institut-des-infrastructures-des-premieres-nations-iipn\/\",\"url\":\"https:\/\/fnleadingtheway.com\/2023-fr\/institut-des-infrastructures-des-premieres-nations-iipn\/\",\"name\":\"Institut des infrastructures des Premi\u00e8res nations (IIPN) | Premi\u00e8res Nations en T\u00eate | RENCONTRE NATIONALE DE 2023\",\"isPartOf\":{\"@id\":\"https:\/\/fnleadingtheway.com\/2023-fr\/#website\"},\"datePublished\":\"2023-05-22T17:57:49+00:00\",\"dateModified\":\"2023-05-23T01:04:01+00:00\",\"breadcrumb\":{\"@id\":\"https:\/\/fnleadingtheway.com\/2023-fr\/institut-des-infrastructures-des-premieres-nations-iipn\/#breadcrumb\"},\"inLanguage\":\"en-CA\",\"potentialAction\":[{\"@type\":\"ReadAction\",\"target\":[\"https:\/\/fnleadingtheway.com\/2023-fr\/institut-des-infrastructures-des-premieres-nations-iipn\/\"]}]},{\"@type\":\"BreadcrumbList\",\"@id\":\"https:\/\/fnleadingtheway.com\/2023-fr\/institut-des-infrastructures-des-premieres-nations-iipn\/#breadcrumb\",\"itemListElement\":[{\"@type\":\"ListItem\",\"position\":1,\"name\":\"Home\",\"item\":\"https:\/\/fnleadingtheway.com\/2023-fr\/\"},{\"@type\":\"ListItem\",\"position\":2,\"name\":\"Institut des infrastructures des Premi\u00e8res nations (IIPN)\"}]},{\"@type\":\"WebSite\",\"@id\":\"https:\/\/fnleadingtheway.com\/2023-fr\/#website\",\"url\":\"https:\/\/fnleadingtheway.com\/2023-fr\/\",\"name\":\"Premi\u00e8res Nations en T\u00eate | RENCONTRE NATIONALE DE 2020\",\"description\":\"Les Premi\u00e8res Nations ouvrent la voie. R\u00e9union annuelle des institutions des Premi\u00e8res nations du Canada 2023\",\"publisher\":{\"@id\":\"https:\/\/fnleadingtheway.com\/2023-fr\/#organization\"},\"potentialAction\":[{\"@type\":\"SearchAction\",\"target\":{\"@type\":\"EntryPoint\",\"urlTemplate\":\"https:\/\/fnleadingtheway.com\/2023-fr\/?s={search_term_string}\"},\"query-input\":\"required name=search_term_string\"}],\"inLanguage\":\"en-CA\"},{\"@type\":\"Organization\",\"@id\":\"https:\/\/fnleadingtheway.com\/2023-fr\/#organization\",\"name\":\"INSTITUTIONS FISCALES DES PREMI\u00c8RES NATIONS ET CONSEIL CONSULTATIF DES TERRES\",\"url\":\"https:\/\/fnleadingtheway.com\/2023-fr\/\",\"logo\":{\"@type\":\"ImageObject\",\"inLanguage\":\"en-CA\",\"@id\":\"https:\/\/fnleadingtheway.com\/2023-fr\/#\/schema\/logo\/image\/\",\"url\":\"https:\/\/fnleadingtheway.com\/2022-fr\/wp-content\/uploads\/2019\/03\/FNFILAB-group-logo-400px.png\",\"contentUrl\":\"https:\/\/fnleadingtheway.com\/2022-fr\/wp-content\/uploads\/2019\/03\/FNFILAB-group-logo-400px.png\",\"width\":400,\"height\":68,\"caption\":\"INSTITUTIONS FISCALES DES PREMI\u00c8RES NATIONS ET CONSEIL CONSULTATIF DES TERRES\"},\"image\":{\"@id\":\"https:\/\/fnleadingtheway.com\/2023-fr\/#\/schema\/logo\/image\/\"}}]}<\/script>\n<!-- \/ Yoast SEO plugin. -->","yoast_head_json":{"title":"Institut des infrastructures des Premi\u00e8res nations (IIPN) | Premi\u00e8res Nations en T\u00eate | RENCONTRE NATIONALE DE 2023","robots":{"index":"index","follow":"follow","max-snippet":"max-snippet:-1","max-image-preview":"max-image-preview:large","max-video-preview":"max-video-preview:-1"},"canonical":"https:\/\/fnleadingtheway.com\/2023-fr\/institut-des-infrastructures-des-premieres-nations-iipn\/","og_locale":"en_US","og_type":"article","og_title":"Institut des infrastructures des Premi\u00e8res nations (IIPN) | Premi\u00e8res Nations en T\u00eate | RENCONTRE NATIONALE DE 2023","og_url":"https:\/\/fnleadingtheway.com\/2023-fr\/institut-des-infrastructures-des-premieres-nations-iipn\/","og_site_name":"Premi\u00e8res Nations en T\u00eate | RENCONTRE NATIONALE DE 2023","article_modified_time":"2023-05-23T01:04:01+00:00","twitter_card":"summary_large_image","twitter_misc":{"Est. reading time":"3 minutes"},"schema":{"@context":"https:\/\/schema.org","@graph":[{"@type":"WebPage","@id":"https:\/\/fnleadingtheway.com\/2023-fr\/institut-des-infrastructures-des-premieres-nations-iipn\/","url":"https:\/\/fnleadingtheway.com\/2023-fr\/institut-des-infrastructures-des-premieres-nations-iipn\/","name":"Institut des infrastructures des Premi\u00e8res nations (IIPN) | Premi\u00e8res Nations en T\u00eate | RENCONTRE NATIONALE DE 2023","isPartOf":{"@id":"https:\/\/fnleadingtheway.com\/2023-fr\/#website"},"datePublished":"2023-05-22T17:57:49+00:00","dateModified":"2023-05-23T01:04:01+00:00","breadcrumb":{"@id":"https:\/\/fnleadingtheway.com\/2023-fr\/institut-des-infrastructures-des-premieres-nations-iipn\/#breadcrumb"},"inLanguage":"en-CA","potentialAction":[{"@type":"ReadAction","target":["https:\/\/fnleadingtheway.com\/2023-fr\/institut-des-infrastructures-des-premieres-nations-iipn\/"]}]},{"@type":"BreadcrumbList","@id":"https:\/\/fnleadingtheway.com\/2023-fr\/institut-des-infrastructures-des-premieres-nations-iipn\/#breadcrumb","itemListElement":[{"@type":"ListItem","position":1,"name":"Home","item":"https:\/\/fnleadingtheway.com\/2023-fr\/"},{"@type":"ListItem","position":2,"name":"Institut des infrastructures des Premi\u00e8res nations (IIPN)"}]},{"@type":"WebSite","@id":"https:\/\/fnleadingtheway.com\/2023-fr\/#website","url":"https:\/\/fnleadingtheway.com\/2023-fr\/","name":"Premi\u00e8res Nations en T\u00eate | RENCONTRE NATIONALE DE 2020","description":"Les Premi\u00e8res Nations ouvrent la voie. R\u00e9union annuelle des institutions des Premi\u00e8res nations du Canada 2023","publisher":{"@id":"https:\/\/fnleadingtheway.com\/2023-fr\/#organization"},"potentialAction":[{"@type":"SearchAction","target":{"@type":"EntryPoint","urlTemplate":"https:\/\/fnleadingtheway.com\/2023-fr\/?s={search_term_string}"},"query-input":"required name=search_term_string"}],"inLanguage":"en-CA"},{"@type":"Organization","@id":"https:\/\/fnleadingtheway.com\/2023-fr\/#organization","name":"INSTITUTIONS FISCALES DES PREMI\u00c8RES NATIONS ET CONSEIL CONSULTATIF DES TERRES","url":"https:\/\/fnleadingtheway.com\/2023-fr\/","logo":{"@type":"ImageObject","inLanguage":"en-CA","@id":"https:\/\/fnleadingtheway.com\/2023-fr\/#\/schema\/logo\/image\/","url":"https:\/\/fnleadingtheway.com\/2022-fr\/wp-content\/uploads\/2019\/03\/FNFILAB-group-logo-400px.png","contentUrl":"https:\/\/fnleadingtheway.com\/2022-fr\/wp-content\/uploads\/2019\/03\/FNFILAB-group-logo-400px.png","width":400,"height":68,"caption":"INSTITUTIONS FISCALES DES PREMI\u00c8RES NATIONS ET CONSEIL CONSULTATIF DES TERRES"},"image":{"@id":"https:\/\/fnleadingtheway.com\/2023-fr\/#\/schema\/logo\/image\/"}}]}},"_links":{"self":[{"href":"https:\/\/fnleadingtheway.com\/2023-fr\/wp-json\/wp\/v2\/pages\/2580"}],"collection":[{"href":"https:\/\/fnleadingtheway.com\/2023-fr\/wp-json\/wp\/v2\/pages"}],"about":[{"href":"https:\/\/fnleadingtheway.com\/2023-fr\/wp-json\/wp\/v2\/types\/page"}],"author":[{"embeddable":true,"href":"https:\/\/fnleadingtheway.com\/2023-fr\/wp-json\/wp\/v2\/users\/1"}],"replies":[{"embeddable":true,"href":"https:\/\/fnleadingtheway.com\/2023-fr\/wp-json\/wp\/v2\/comments?post=2580"}],"version-history":[{"count":8,"href":"https:\/\/fnleadingtheway.com\/2023-fr\/wp-json\/wp\/v2\/pages\/2580\/revisions"}],"predecessor-version":[{"id":2649,"href":"https:\/\/fnleadingtheway.com\/2023-fr\/wp-json\/wp\/v2\/pages\/2580\/revisions\/2649"}],"wp:attachment":[{"href":"https:\/\/fnleadingtheway.com\/2023-fr\/wp-json\/wp\/v2\/media?parent=2580"}],"curies":[{"name":"wp","href":"https:\/\/api.w.org\/{rel}","templated":true}]}}