{"id":362,"date":"2018-03-01T23:57:50","date_gmt":"2018-03-01T23:57:50","guid":{"rendered":"https:\/\/fnleadingtheway.com\/ca-en\/?page_id=362"},"modified":"2023-05-22T14:27:16","modified_gmt":"2023-05-22T18:27:16","slug":"conseil-de-gestion-financiere-des-premieres-nations","status":"publish","type":"page","link":"https:\/\/fnleadingtheway.com\/2023-fr\/conseil-de-gestion-financiere-des-premieres-nations\/","title":{"rendered":"Conseil de gestion financi\u00e8re des Premi\u00e8res nations"},"content":{"rendered":"<div class=\"fusion-fullwidth fullwidth-box fusion-builder-row-1 nonhundred-percent-fullwidth non-hundred-percent-height-scrolling\" style=\"--awb-border-radius-top-left:0px;--awb-border-radius-top-right:0px;--awb-border-radius-bottom-right:0px;--awb-border-radius-bottom-left:0px;--awb-padding-top:0px;--awb-padding-right:70px;--awb-padding-bottom:40px;--awb-padding-left:70px;--awb-margin-top:0px;--awb-background-color:rgba(255,255,255,0.90);--awb-flex-wrap:wrap;\" ><div class=\"fusion-builder-row fusion-row\"><div class=\"fusion-layout-column fusion_builder_column fusion-builder-column-0 fusion_builder_column_2_3 2_3 fusion-two-third fusion-column-first\" style=\"--awb-bg-size:cover;--awb-margin-top:40px;width:66.666666666667%;width:calc(66.666666666667% - ( ( 4% ) * 0.66666666666667 ) );margin-right: 4%;\"><div class=\"fusion-column-wrapper fusion-flex-column-wrapper-legacy\"><div class=\"fusion-column-content-centered\"><div class=\"fusion-column-content\"><div class=\"fusion-builder-row fusion-builder-row-inner fusion-row\"><div class=\"fusion-layout-column fusion_builder_column_inner fusion-builder-nested-column-0 fusion_builder_column_inner_1_5 1_5 fusion-one-fifth fusion-column-first\" style=\"--awb-bg-size:cover;--awb-margin-bottom:0px;width:20%;width:calc(20% - ( ( 4% ) * 0.2 ) );margin-right: 4%;\"><div class=\"fusion-column-wrapper fusion-flex-column-wrapper-legacy\"><div class=\"fusion-image-element fusion-image-align-center in-legacy-container\" style=\"text-align:center;--awb-caption-title-font-family:var(--h2_typography-font-family);--awb-caption-title-font-weight:var(--h2_typography-font-weight);--awb-caption-title-font-style:var(--h2_typography-font-style);--awb-caption-title-size:var(--h2_typography-font-size);--awb-caption-title-transform:var(--h2_typography-text-transform);--awb-caption-title-line-height:var(--h2_typography-line-height);--awb-caption-title-letter-spacing:var(--h2_typography-letter-spacing);\"><div class=\"imageframe-align-center\"><span class=\" fusion-imageframe imageframe-none imageframe-1 hover-type-none border\"><img decoding=\"async\" src=\"data:image\/gif;base64,R0lGODlhAQABAAAAACH5BAEKAAEALAAAAAABAAEAAAICTAEAOw==\" data-orig-src=\"https:\/\/fnleadingtheway.com\/ca-en\/wp-content\/uploads\/2018\/03\/FMB_4C_Wordmark.jpg\" alt class=\"lazyload img-responsive\"\/><\/span><\/div><\/div><div class=\"fusion-clearfix\"><\/div><\/div><\/div><div class=\"fusion-layout-column fusion_builder_column_inner fusion-builder-nested-column-1 fusion_builder_column_inner_4_5 4_5 fusion-four-fifth fusion-column-last\" style=\"--awb-padding-top:0px;--awb-padding-right:0px;--awb-padding-bottom:0px;--awb-padding-left:0px;--awb-bg-size:cover;--awb-margin-top:8px;width:80%;width:calc(80% - ( ( 4% ) * 0.8 ) );\" id=\"logo-text\"><div class=\"fusion-column-wrapper fusion-flex-column-wrapper-legacy\"><div class=\"fusion-column-content-centered\"><div class=\"fusion-column-content\"><div class=\"fusion-text fusion-text-1\"><h2 style=\"font-size: 22px; color: #c45a04;\">Conseil de gestion financi\u00e8re des Premi\u00e8res nations (CGF)<\/h2>\n<\/div><\/div><\/div><div class=\"fusion-clearfix\"><\/div><\/div><\/div><\/div><div class=\"fusion-sep-clear\"><\/div><div class=\"fusion-separator fusion-full-width-sep\" style=\"margin-left: auto;margin-right: auto;margin-top:20px;width:100%;\"><\/div><div class=\"fusion-sep-clear\"><\/div><div class=\"fusion-text fusion-text-2\"><p>Les Premi\u00e8res nations certifi\u00e9es par le Conseil de gestion financi\u00e8re des Premi\u00e8res nations (CGF) ont prouv\u00e9 qu\u2019elles se sont dot\u00e9es de solides syst\u00e8mes de gestion financi\u00e8re (SGF) ou ont affich\u00e9 un excellent rendement financier (RF).<\/p>\n<p>Les Premi\u00e8res nations certifi\u00e9es en RF peuvent demander du financement \u00e0 plus long terme et \u00e0 plus faible co\u00fbt aupr\u00e8s de l\u2019Administration financi\u00e8re et peuvent \u00eatre mieux dispos\u00e9es \u00e0 tirer profit des nouvelles possibilit\u00e9s \u00e9conomiques que leur offre le secteur priv\u00e9.<\/p>\n<p>Les Premi\u00e8res nations certifi\u00e9es en SGF ont enti\u00e8rement mis en \u0153uvre leur texte l\u00e9gislatif approuv\u00e9 sur l\u2019administration financi\u00e8re par le CGF, ce qui donne lieu \u00e0 une prise de d\u00e9cision davantage ax\u00e9e sur les processus et \u00e0 une plus grande responsabilisation vis-\u00e0-vis leurs membres.<\/p>\n<p>Le CGF \u00e9tablit des normes en ce qui a trait \u00e0 l\u2019approbation des textes l\u00e9gislatifs portant sur l\u2019administration financi\u00e8re et aux certifications en mati\u00e8re de syst\u00e8mes de gestion financi\u00e8re et de rendement financier. Il y a maintenant 76 Premi\u00e8res nations qui ont \u00e9labor\u00e9 et adopt\u00e9 des lois sur l\u2019administration financi\u00e8re qui r\u00e9pondent aux normes du CGF.<\/p>\n<p>Soixante-huit de ces Premi\u00e8res nations ont obtenu leur certification en RF et deux Premi\u00e8res nations poss\u00e8dent leur certification en mati\u00e8re de SGF.<\/p>\n<\/div><div class=\"fusion-sep-clear\"><\/div><div class=\"fusion-separator fusion-full-width-sep\" style=\"margin-left: auto;margin-right: auto;margin-top:30px;width:100%;\"><\/div><div class=\"fusion-sep-clear\"><\/div><div class=\"fusion-align-block\"><a class=\"fusion-button button-flat button-xlarge button-custom fusion-button-default button-1 fusion-button-span-yes fusion-button-default-type\" style=\"--button_accent_color:#ffffff;--button_accent_hover_color:#ffffff;--button_border_hover_color:#ffffff;--button_border_width-top:0;--button_border_width-right:0;--button_border_width-bottom:0;--button_border_width-left:0;--button_gradient_top_color:#00b5af;--button_gradient_bottom_color:#00b5af;--button_gradient_top_color_hover:#f89c4d;--button_gradient_bottom_color_hover:#f89c4d;\" target=\"_blank\" rel=\"noopener noreferrer\" href=\"http:\/\/fnfmb.com\/\"><span class=\"fusion-button-text\">SITE WEB: CONSEIL DE GESTION FINANCI\u00c8RE DES PREMI\u00c8RES NATIONS<\/span><\/a><\/div><div class=\"fusion-sep-clear\"><\/div><div class=\"fusion-separator fusion-full-width-sep\" style=\"margin-left: auto;margin-right: auto;margin-top:50px;width:100%;\"><\/div><div class=\"fusion-sep-clear\"><\/div><div class=\"fusion-text fusion-text-3\"><p>100, Park Royal, bureau 300<br \/>\nWest Vancouver (Colombie-Britannique)<br \/>\nV7T 1A2, Canada<\/p>\n<p>T\u00e9l\u00e9phone : <strong>604.925.6665<\/strong><br \/>\nLigne sans frais : <strong>1.877.925.6665<\/strong><br \/>\nT\u00e9l\u00e9copieur : <strong>604.925.6662<\/strong><\/p>\n<p>Courriel : <strong><a href=\"mailto:mail@fnfmb.com\" target=\"_blank\" rel=\"noopener noreferrer\">mail@fnfmb.com<\/a><\/strong><br \/>\nWeb : <strong><a href=\"https:\/\/fnfmb.com\/\" target=\"_blank\" rel=\"noopener noreferrer\">fnfmb.com<\/a><\/strong><\/p>\n<\/div><\/div><\/div><div class=\"fusion-clearfix\"><\/div><\/div><\/div><div class=\"fusion-layout-column fusion_builder_column fusion-builder-column-1 fusion_builder_column_1_3 1_3 fusion-one-third fusion-column-last page\" style=\"--awb-bg-size:cover;--awb-margin-top:-30px;width:33.333333333333%;width:calc(33.333333333333% - ( ( 4% ) * 0.33333333333333 ) );\" id=\"right\"><div class=\"fusion-column-wrapper fusion-flex-column-wrapper-legacy\"><div class=\"fusion-image-element in-legacy-container\" style=\"--awb-caption-title-font-family:var(--h2_typography-font-family);--awb-caption-title-font-weight:var(--h2_typography-font-weight);--awb-caption-title-font-style:var(--h2_typography-font-style);--awb-caption-title-size:var(--h2_typography-font-size);--awb-caption-title-transform:var(--h2_typography-text-transform);--awb-caption-title-line-height:var(--h2_typography-line-height);--awb-caption-title-letter-spacing:var(--h2_typography-letter-spacing);\"><span class=\" fusion-imageframe imageframe-none imageframe-2 hover-type-none\"><a href=\"https:\/\/fnleadingtheway.com\/ca-en\/wp-content\/uploads\/2018\/03\/lake-st-martin-school-groundbreaking.jpg\" class=\"fusion-lightbox\" data-rel=\"iLightbox[71f31a9d20d4fddd0d7]\"><img decoding=\"async\" src=\"data:image\/gif;base64,R0lGODlhAQABAAAAACH5BAEKAAEALAAAAAABAAEAAAICTAEAOw==\" data-orig-src=\"https:\/\/fnleadingtheway.com\/ca-en\/wp-content\/uploads\/2018\/03\/lake-st-martin-school-groundbreaking.jpg\" alt class=\"lazyload img-responsive\"\/><\/a><\/span><\/div><div class=\"fusion-sep-clear\"><\/div><div class=\"fusion-separator fusion-full-width-sep\" style=\"margin-left: auto;margin-right: auto;margin-bottom:12px;width:100%;\"><\/div><div class=\"fusion-sep-clear\"><\/div><div class=\"fusion-image-element in-legacy-container\" style=\"--awb-caption-title-font-family:var(--h2_typography-font-family);--awb-caption-title-font-weight:var(--h2_typography-font-weight);--awb-caption-title-font-style:var(--h2_typography-font-style);--awb-caption-title-size:var(--h2_typography-font-size);--awb-caption-title-transform:var(--h2_typography-text-transform);--awb-caption-title-line-height:var(--h2_typography-line-height);--awb-caption-title-letter-spacing:var(--h2_typography-letter-spacing);\"><span class=\" fusion-imageframe imageframe-none imageframe-3 hover-type-none\"><a href=\"https:\/\/fnleadingtheway.com\/ca-en\/wp-content\/uploads\/2018\/03\/lake-st-martin-school-artist-rendering.jpeg\" class=\"fusion-lightbox\" data-rel=\"iLightbox[db5c33a04feea7f8c86]\"><img decoding=\"async\" src=\"data:image\/gif;base64,R0lGODlhAQABAAAAACH5BAEKAAEALAAAAAABAAEAAAICTAEAOw==\" data-orig-src=\"https:\/\/fnleadingtheway.com\/ca-en\/wp-content\/uploads\/2018\/03\/lake-st-martin-school-artist-rendering.jpeg\" alt class=\"lazyload img-responsive\"\/><\/a><\/span><\/div><div class=\"fusion-sep-clear\"><\/div><div class=\"fusion-separator fusion-full-width-sep\" style=\"margin-left: auto;margin-right: auto;margin-bottom:12px;width:100%;\"><\/div><div class=\"fusion-sep-clear\"><\/div><div class=\"fusion-image-element in-legacy-container\" style=\"--awb-caption-title-font-family:var(--h2_typography-font-family);--awb-caption-title-font-weight:var(--h2_typography-font-weight);--awb-caption-title-font-style:var(--h2_typography-font-style);--awb-caption-title-size:var(--h2_typography-font-size);--awb-caption-title-transform:var(--h2_typography-text-transform);--awb-caption-title-line-height:var(--h2_typography-line-height);--awb-caption-title-letter-spacing:var(--h2_typography-letter-spacing);\"><span class=\" fusion-imageframe imageframe-none imageframe-4 hover-type-none\"><a href=\"https:\/\/fnleadingtheway.com\/ca-en\/wp-content\/uploads\/2018\/03\/card-training-370.jpg\" class=\"fusion-lightbox\" data-rel=\"iLightbox[6b674d0c9ddd4b83976]\"><img decoding=\"async\" src=\"data:image\/gif;base64,R0lGODlhAQABAAAAACH5BAEKAAEALAAAAAABAAEAAAICTAEAOw==\" data-orig-src=\"https:\/\/fnleadingtheway.com\/ca-en\/wp-content\/uploads\/2018\/03\/card-training-370.jpg\" alt class=\"lazyload img-responsive\"\/><\/a><\/span><\/div><div class=\"fusion-sep-clear\"><\/div><div class=\"fusion-separator fusion-full-width-sep\" style=\"margin-left: auto;margin-right: auto;margin-bottom:12px;width:100%;\"><\/div><div class=\"fusion-sep-clear\"><\/div><div class=\"fusion-image-element in-legacy-container\" style=\"--awb-caption-title-font-family:var(--h2_typography-font-family);--awb-caption-title-font-weight:var(--h2_typography-font-weight);--awb-caption-title-font-style:var(--h2_typography-font-style);--awb-caption-title-size:var(--h2_typography-font-size);--awb-caption-title-transform:var(--h2_typography-text-transform);--awb-caption-title-line-height:var(--h2_typography-line-height);--awb-caption-title-letter-spacing:var(--h2_typography-letter-spacing);\"><span class=\" fusion-imageframe imageframe-none imageframe-5 hover-type-none\"><a href=\"https:\/\/fnleadingtheway.com\/ca-en\/wp-content\/uploads\/2018\/03\/card-nipissing-building-3-370.jpg\" class=\"fusion-lightbox\" data-rel=\"iLightbox[b53abea5a2561f23341]\"><img decoding=\"async\" src=\"data:image\/gif;base64,R0lGODlhAQABAAAAACH5BAEKAAEALAAAAAABAAEAAAICTAEAOw==\" data-orig-src=\"https:\/\/fnleadingtheway.com\/ca-en\/wp-content\/uploads\/2018\/03\/card-nipissing-building-3-370.jpg\" alt class=\"lazyload img-responsive\"\/><\/a><\/span><\/div><div class=\"fusion-clearfix\"><\/div><\/div><\/div><\/div><\/div>\n","protected":false},"excerpt":{"rendered":"","protected":false},"author":1,"featured_media":0,"parent":0,"menu_order":0,"comment_status":"closed","ping_status":"closed","template":"","meta":{"footnotes":""},"yoast_head":"<!-- This site is optimized with the Yoast SEO plugin v21.3 - https:\/\/yoast.com\/wordpress\/plugins\/seo\/ -->\n<title>Conseil de gestion financi\u00e8re des Premi\u00e8res nations | Premi\u00e8res Nations en T\u00eate | RENCONTRE NATIONALE DE 2023<\/title>\n<meta name=\"robots\" content=\"index, follow, max-snippet:-1, max-image-preview:large, max-video-preview:-1\" \/>\n<link rel=\"canonical\" href=\"https:\/\/fnleadingtheway.com\/2023-fr\/conseil-de-gestion-financiere-des-premieres-nations\/\" \/>\n<meta property=\"og:locale\" content=\"en_US\" \/>\n<meta property=\"og:type\" content=\"article\" \/>\n<meta property=\"og:title\" content=\"Conseil de gestion financi\u00e8re des Premi\u00e8res nations | Premi\u00e8res Nations en T\u00eate | RENCONTRE NATIONALE DE 2023\" \/>\n<meta property=\"og:url\" content=\"https:\/\/fnleadingtheway.com\/2023-fr\/conseil-de-gestion-financiere-des-premieres-nations\/\" \/>\n<meta property=\"og:site_name\" content=\"Premi\u00e8res Nations en T\u00eate | RENCONTRE NATIONALE DE 2023\" \/>\n<meta property=\"article:modified_time\" content=\"2023-05-22T18:27:16+00:00\" \/>\n<meta name=\"twitter:card\" content=\"summary_large_image\" \/>\n<meta name=\"twitter:label1\" content=\"Est. reading time\" \/>\n\t<meta name=\"twitter:data1\" content=\"4 minutes\" \/>\n<script type=\"application\/ld+json\" class=\"yoast-schema-graph\">{\"@context\":\"https:\/\/schema.org\",\"@graph\":[{\"@type\":\"WebPage\",\"@id\":\"https:\/\/fnleadingtheway.com\/2023-fr\/conseil-de-gestion-financiere-des-premieres-nations\/\",\"url\":\"https:\/\/fnleadingtheway.com\/2023-fr\/conseil-de-gestion-financiere-des-premieres-nations\/\",\"name\":\"Conseil de gestion financi\u00e8re des Premi\u00e8res nations | Premi\u00e8res Nations en T\u00eate | RENCONTRE NATIONALE DE 2023\",\"isPartOf\":{\"@id\":\"https:\/\/fnleadingtheway.com\/2023-fr\/#website\"},\"datePublished\":\"2018-03-01T23:57:50+00:00\",\"dateModified\":\"2023-05-22T18:27:16+00:00\",\"breadcrumb\":{\"@id\":\"https:\/\/fnleadingtheway.com\/2023-fr\/conseil-de-gestion-financiere-des-premieres-nations\/#breadcrumb\"},\"inLanguage\":\"en-CA\",\"potentialAction\":[{\"@type\":\"ReadAction\",\"target\":[\"https:\/\/fnleadingtheway.com\/2023-fr\/conseil-de-gestion-financiere-des-premieres-nations\/\"]}]},{\"@type\":\"BreadcrumbList\",\"@id\":\"https:\/\/fnleadingtheway.com\/2023-fr\/conseil-de-gestion-financiere-des-premieres-nations\/#breadcrumb\",\"itemListElement\":[{\"@type\":\"ListItem\",\"position\":1,\"name\":\"Home\",\"item\":\"https:\/\/fnleadingtheway.com\/2023-fr\/\"},{\"@type\":\"ListItem\",\"position\":2,\"name\":\"Conseil de gestion financi\u00e8re des Premi\u00e8res nations\"}]},{\"@type\":\"WebSite\",\"@id\":\"https:\/\/fnleadingtheway.com\/2023-fr\/#website\",\"url\":\"https:\/\/fnleadingtheway.com\/2023-fr\/\",\"name\":\"Premi\u00e8res Nations en T\u00eate | RENCONTRE NATIONALE DE 2020\",\"description\":\"Les Premi\u00e8res Nations ouvrent la voie. R\u00e9union annuelle des institutions des Premi\u00e8res nations du Canada 2023\",\"publisher\":{\"@id\":\"https:\/\/fnleadingtheway.com\/2023-fr\/#organization\"},\"potentialAction\":[{\"@type\":\"SearchAction\",\"target\":{\"@type\":\"EntryPoint\",\"urlTemplate\":\"https:\/\/fnleadingtheway.com\/2023-fr\/?s={search_term_string}\"},\"query-input\":\"required name=search_term_string\"}],\"inLanguage\":\"en-CA\"},{\"@type\":\"Organization\",\"@id\":\"https:\/\/fnleadingtheway.com\/2023-fr\/#organization\",\"name\":\"INSTITUTIONS FISCALES DES PREMI\u00c8RES NATIONS ET CONSEIL CONSULTATIF DES TERRES\",\"url\":\"https:\/\/fnleadingtheway.com\/2023-fr\/\",\"logo\":{\"@type\":\"ImageObject\",\"inLanguage\":\"en-CA\",\"@id\":\"https:\/\/fnleadingtheway.com\/2023-fr\/#\/schema\/logo\/image\/\",\"url\":\"https:\/\/fnleadingtheway.com\/2022-fr\/wp-content\/uploads\/2019\/03\/FNFILAB-group-logo-400px.png\",\"contentUrl\":\"https:\/\/fnleadingtheway.com\/2022-fr\/wp-content\/uploads\/2019\/03\/FNFILAB-group-logo-400px.png\",\"width\":400,\"height\":68,\"caption\":\"INSTITUTIONS FISCALES DES PREMI\u00c8RES NATIONS ET CONSEIL CONSULTATIF DES TERRES\"},\"image\":{\"@id\":\"https:\/\/fnleadingtheway.com\/2023-fr\/#\/schema\/logo\/image\/\"}}]}<\/script>\n<!-- \/ Yoast SEO plugin. -->","yoast_head_json":{"title":"Conseil de gestion financi\u00e8re des Premi\u00e8res nations | Premi\u00e8res Nations en T\u00eate | RENCONTRE NATIONALE DE 2023","robots":{"index":"index","follow":"follow","max-snippet":"max-snippet:-1","max-image-preview":"max-image-preview:large","max-video-preview":"max-video-preview:-1"},"canonical":"https:\/\/fnleadingtheway.com\/2023-fr\/conseil-de-gestion-financiere-des-premieres-nations\/","og_locale":"en_US","og_type":"article","og_title":"Conseil de gestion financi\u00e8re des Premi\u00e8res nations | Premi\u00e8res Nations en T\u00eate | RENCONTRE NATIONALE DE 2023","og_url":"https:\/\/fnleadingtheway.com\/2023-fr\/conseil-de-gestion-financiere-des-premieres-nations\/","og_site_name":"Premi\u00e8res Nations en T\u00eate | RENCONTRE NATIONALE DE 2023","article_modified_time":"2023-05-22T18:27:16+00:00","twitter_card":"summary_large_image","twitter_misc":{"Est. reading time":"4 minutes"},"schema":{"@context":"https:\/\/schema.org","@graph":[{"@type":"WebPage","@id":"https:\/\/fnleadingtheway.com\/2023-fr\/conseil-de-gestion-financiere-des-premieres-nations\/","url":"https:\/\/fnleadingtheway.com\/2023-fr\/conseil-de-gestion-financiere-des-premieres-nations\/","name":"Conseil de gestion financi\u00e8re des Premi\u00e8res nations | Premi\u00e8res Nations en T\u00eate | RENCONTRE NATIONALE DE 2023","isPartOf":{"@id":"https:\/\/fnleadingtheway.com\/2023-fr\/#website"},"datePublished":"2018-03-01T23:57:50+00:00","dateModified":"2023-05-22T18:27:16+00:00","breadcrumb":{"@id":"https:\/\/fnleadingtheway.com\/2023-fr\/conseil-de-gestion-financiere-des-premieres-nations\/#breadcrumb"},"inLanguage":"en-CA","potentialAction":[{"@type":"ReadAction","target":["https:\/\/fnleadingtheway.com\/2023-fr\/conseil-de-gestion-financiere-des-premieres-nations\/"]}]},{"@type":"BreadcrumbList","@id":"https:\/\/fnleadingtheway.com\/2023-fr\/conseil-de-gestion-financiere-des-premieres-nations\/#breadcrumb","itemListElement":[{"@type":"ListItem","position":1,"name":"Home","item":"https:\/\/fnleadingtheway.com\/2023-fr\/"},{"@type":"ListItem","position":2,"name":"Conseil de gestion financi\u00e8re des Premi\u00e8res nations"}]},{"@type":"WebSite","@id":"https:\/\/fnleadingtheway.com\/2023-fr\/#website","url":"https:\/\/fnleadingtheway.com\/2023-fr\/","name":"Premi\u00e8res Nations en T\u00eate | RENCONTRE NATIONALE DE 2020","description":"Les Premi\u00e8res Nations ouvrent la voie. R\u00e9union annuelle des institutions des Premi\u00e8res nations du Canada 2023","publisher":{"@id":"https:\/\/fnleadingtheway.com\/2023-fr\/#organization"},"potentialAction":[{"@type":"SearchAction","target":{"@type":"EntryPoint","urlTemplate":"https:\/\/fnleadingtheway.com\/2023-fr\/?s={search_term_string}"},"query-input":"required name=search_term_string"}],"inLanguage":"en-CA"},{"@type":"Organization","@id":"https:\/\/fnleadingtheway.com\/2023-fr\/#organization","name":"INSTITUTIONS FISCALES DES PREMI\u00c8RES NATIONS ET CONSEIL CONSULTATIF DES TERRES","url":"https:\/\/fnleadingtheway.com\/2023-fr\/","logo":{"@type":"ImageObject","inLanguage":"en-CA","@id":"https:\/\/fnleadingtheway.com\/2023-fr\/#\/schema\/logo\/image\/","url":"https:\/\/fnleadingtheway.com\/2022-fr\/wp-content\/uploads\/2019\/03\/FNFILAB-group-logo-400px.png","contentUrl":"https:\/\/fnleadingtheway.com\/2022-fr\/wp-content\/uploads\/2019\/03\/FNFILAB-group-logo-400px.png","width":400,"height":68,"caption":"INSTITUTIONS FISCALES DES PREMI\u00c8RES NATIONS ET CONSEIL CONSULTATIF DES TERRES"},"image":{"@id":"https:\/\/fnleadingtheway.com\/2023-fr\/#\/schema\/logo\/image\/"}}]}},"_links":{"self":[{"href":"https:\/\/fnleadingtheway.com\/2023-fr\/wp-json\/wp\/v2\/pages\/362"}],"collection":[{"href":"https:\/\/fnleadingtheway.com\/2023-fr\/wp-json\/wp\/v2\/pages"}],"about":[{"href":"https:\/\/fnleadingtheway.com\/2023-fr\/wp-json\/wp\/v2\/types\/page"}],"author":[{"embeddable":true,"href":"https:\/\/fnleadingtheway.com\/2023-fr\/wp-json\/wp\/v2\/users\/1"}],"replies":[{"embeddable":true,"href":"https:\/\/fnleadingtheway.com\/2023-fr\/wp-json\/wp\/v2\/comments?post=362"}],"version-history":[{"count":11,"href":"https:\/\/fnleadingtheway.com\/2023-fr\/wp-json\/wp\/v2\/pages\/362\/revisions"}],"predecessor-version":[{"id":2601,"href":"https:\/\/fnleadingtheway.com\/2023-fr\/wp-json\/wp\/v2\/pages\/362\/revisions\/2601"}],"wp:attachment":[{"href":"https:\/\/fnleadingtheway.com\/2023-fr\/wp-json\/wp\/v2\/media?parent=362"}],"curies":[{"name":"wp","href":"https:\/\/api.w.org\/{rel}","templated":true}]}}