{"id":384,"date":"2018-03-02T00:55:05","date_gmt":"2018-03-02T00:55:05","guid":{"rendered":"https:\/\/fnleadingtheway.com\/ca-en\/?page_id=384"},"modified":"2023-05-22T14:30:31","modified_gmt":"2023-05-22T18:30:31","slug":"conseil-consultatif-des-terres-cct","status":"publish","type":"page","link":"https:\/\/fnleadingtheway.com\/2023-fr\/conseil-consultatif-des-terres-cct\/","title":{"rendered":"Conseil consultatif des terres (CCT)"},"content":{"rendered":"<div class=\"fusion-fullwidth fullwidth-box fusion-builder-row-1 nonhundred-percent-fullwidth non-hundred-percent-height-scrolling\" style=\"--awb-background-blend-mode:overlay;--awb-border-radius-top-left:0px;--awb-border-radius-top-right:0px;--awb-border-radius-bottom-right:0px;--awb-border-radius-bottom-left:0px;--awb-padding-top:0px;--awb-padding-right:70px;--awb-padding-bottom:40px;--awb-padding-left:70px;--awb-margin-top:0px;--awb-background-color:rgba(255,255,255,0.90);--awb-flex-wrap:wrap;\" ><div class=\"fusion-builder-row fusion-row\"><div class=\"fusion-layout-column fusion_builder_column fusion-builder-column-0 fusion_builder_column_2_3 2_3 fusion-two-third fusion-column-first\" style=\"--awb-padding-top:20px;--awb-bg-size:cover;--awb-margin-top:20px;width:66.666666666667%;width:calc(66.666666666667% - ( ( 4% ) * 0.66666666666667 ) );margin-right: 4%;\"><div class=\"fusion-column-wrapper fusion-flex-column-wrapper-legacy\"><div class=\"fusion-column-content-centered\"><div class=\"fusion-column-content\"><div class=\"fusion-image-element fusion-image-align-left in-legacy-container\" style=\"text-align:left;--awb-max-width:500px;--awb-caption-title-font-family:var(--h2_typography-font-family);--awb-caption-title-font-weight:var(--h2_typography-font-weight);--awb-caption-title-font-style:var(--h2_typography-font-style);--awb-caption-title-size:var(--h2_typography-font-size);--awb-caption-title-transform:var(--h2_typography-text-transform);--awb-caption-title-line-height:var(--h2_typography-line-height);--awb-caption-title-letter-spacing:var(--h2_typography-letter-spacing);\"><span class=\" fusion-imageframe imageframe-none imageframe-1 hover-type-none\" style=\"margin-right:25px;float:left;\"><img decoding=\"async\" width=\"1160\" height=\"196\" title=\"RC_logo_horizontal\" src=\"https:\/\/fnleadingtheway.com\/2023-fr\/wp-content\/uploads\/2019\/03\/RC_logo_horizontal.png\" data-orig-src=\"https:\/\/fnleadingtheway.com\/2019-fr\/wp-content\/uploads\/2019\/03\/RC_logo_horizontal.png\" alt class=\"lazyload img-responsive wp-image-1265\" srcset=\"data:image\/svg+xml,%3Csvg%20xmlns%3D%27http%3A%2F%2Fwww.w3.org%2F2000%2Fsvg%27%20width%3D%271160%27%20height%3D%27196%27%20viewBox%3D%270%200%201160%20196%27%3E%3Crect%20width%3D%271160%27%20height%3D%27196%27%20fill-opacity%3D%220%22%2F%3E%3C%2Fsvg%3E\" data-srcset=\"https:\/\/fnleadingtheway.com\/2023-fr\/wp-content\/uploads\/2019\/03\/RC_logo_horizontal-200x34.png 200w, https:\/\/fnleadingtheway.com\/2023-fr\/wp-content\/uploads\/2019\/03\/RC_logo_horizontal-400x68.png 400w, https:\/\/fnleadingtheway.com\/2023-fr\/wp-content\/uploads\/2019\/03\/RC_logo_horizontal-600x101.png 600w, https:\/\/fnleadingtheway.com\/2023-fr\/wp-content\/uploads\/2019\/03\/RC_logo_horizontal-800x135.png 800w, https:\/\/fnleadingtheway.com\/2023-fr\/wp-content\/uploads\/2019\/03\/RC_logo_horizontal.png 1160w\" data-sizes=\"auto\" data-orig-sizes=\"(max-width: 900px) 100vw, 1160px\" \/><\/span><\/div><div class=\"fusion-sep-clear\"><\/div><div class=\"fusion-separator fusion-full-width-sep\" style=\"margin-left: auto;margin-right: auto;margin-top:20px;width:100%;\"><\/div><div class=\"fusion-sep-clear\"><\/div><div class=\"fusion-text fusion-text-1\"><p>En vertu de l\u2019Accord-cadre, les Premi\u00e8res nations signataires ont \u00e9tabli un Conseil consultatif des terres (CCT) pour les aider \u00e0 mettre en \u0153uvre la r\u00e9gie des terres en ce qui concerne leurs terres de r\u00e9serve et leurs ressources. Les Conseils des Premi\u00e8res nations signataires en fonctionnement d\u00e9terminent la composition du CCT. <\/p>\n<p>\u00c0 l\u2019heure actuelle, le CCT est compos\u00e9 de 14 directeurs \u00e9lus et du pr\u00e9sident, selon des mandats \u00e9chelonn\u00e9s. Chaque ann\u00e9e, un poste de directeur doit faire l\u2019objet d\u2019une nouvelle \u00e9lection dans chacune de trois r\u00e9gions. Ces trois r\u00e9gions sont la Colombie-Britannique, les Prairies (Alberta, Saskatchewan et Manitoba) et l\u2019Est canadien (Ontario, Qu\u00e9bec et Atlantique). <\/p>\n<p>Le pr\u00e9sident du CCT est \u00e9lu pour un mandat de cinq ans; les directeurs sont \u00e9lus pour des mandats de trois ans. Les responsabilit\u00e9s du CCT sont prescrites par l\u2019Accord-cadre et ratifi\u00e9es par la LGTPN.<\/p>\n<p>L\u2019\u00e9nonc\u00e9 de mission du CCT peut se r\u00e9sumer ainsi : \u00ab Collaboration entre les Premi\u00e8res nations afin de retrouver leur comp\u00e9tence en ce qui concerne leurs terres de r\u00e9serve et leurs ressources naturelles \u00bb. Le CCT a \u00e9tabli le Centre de ressources pour s\u2019acquitter des responsabilit\u00e9s techniques du CCT en vertu de l\u2019Accord-cadre, dont l\u2019une consiste \u00e0 r\u00e9gler les conditions d\u2019accords complets de financement avec le minist\u00e8re des Affaires indiennes et du Nord canadien.<\/p>\n<p>L\u2019\u00e9nonc\u00e9 de mission du Centre de ressources peut se r\u00e9sumer ainsi : \u00ab Aider les Premi\u00e8res nations \u00e0 exercer leur droit inh\u00e9rent \u00e0 r\u00e9gir leurs terres et leurs ressources \u00bb.<\/p>\n<\/div><div class=\"fusion-sep-clear\"><\/div><div class=\"fusion-separator fusion-full-width-sep\" style=\"margin-left: auto;margin-right: auto;margin-top:30px;width:100%;\"><\/div><div class=\"fusion-sep-clear\"><\/div><div class=\"fusion-align-block\"><a class=\"fusion-button button-flat button-xlarge button-custom fusion-button-default button-1 fusion-button-span-yes fusion-button-default-type\" style=\"--button_accent_color:#ffffff;--button_accent_hover_color:#ffffff;--button_border_hover_color:#ffffff;--button_border_width-top:0;--button_border_width-right:0;--button_border_width-bottom:0;--button_border_width-left:0;--button_gradient_top_color:#00b5af;--button_gradient_bottom_color:#00b5af;--button_gradient_top_color_hover:#f89c4d;--button_gradient_bottom_color_hover:#f89c4d;\" target=\"_blank\" rel=\"noopener noreferrer\" href=\"http:\/\/labrc.com\/\"><span class=\"fusion-button-text\">SITE WEB: CONSEIL DE GESTION FINANCI\u00c8RE DES PREMI\u00c8RES NATIONS<\/span><\/a><\/div><div class=\"fusion-sep-clear\"><\/div><div class=\"fusion-separator fusion-full-width-sep\" style=\"margin-left: auto;margin-right: auto;margin-top:50px;width:100%;\"><\/div><div class=\"fusion-sep-clear\"><\/div><div class=\"fusion-text fusion-text-2\"><p>C.P. 1022<br \/>Sutton West (Ontario)<br \/>L0E 1R0, Canada<\/p>\n<p>T\u00e9l\u00e9phone : <strong>(888) 985-5711<\/strong><br \/>T\u00e9l\u00e9copieur : <strong>(866) 817-2394<\/strong><\/p>\n<p>Courriel : <strong><a href=\"mailto:webadmin@labrc.com\" target=\"_blank\" rel=\"noopener noreferrer\">webadmin@labrc.com<\/a><\/strong><br \/>Web : <strong><a href=\"https:\/\/labrc.com\/home\/\" target=\"_blank\" rel=\"noopener noreferrer\">labrc.com<\/a><\/strong><\/p>\n<\/div><\/div><\/div><div class=\"fusion-clearfix\"><\/div><\/div><\/div><div class=\"fusion-layout-column fusion_builder_column fusion-builder-column-1 fusion_builder_column_1_3 1_3 fusion-one-third fusion-column-last page\" style=\"--awb-bg-size:cover;--awb-margin-top:-30px;width:33.333333333333%;width:calc(33.333333333333% - ( ( 4% ) * 0.33333333333333 ) );\" id=\"right\"><div class=\"fusion-column-wrapper fusion-flex-column-wrapper-legacy\"><div class=\"fusion-image-element in-legacy-container\" style=\"--awb-caption-title-font-family:var(--h2_typography-font-family);--awb-caption-title-font-weight:var(--h2_typography-font-weight);--awb-caption-title-font-style:var(--h2_typography-font-style);--awb-caption-title-size:var(--h2_typography-font-size);--awb-caption-title-transform:var(--h2_typography-text-transform);--awb-caption-title-line-height:var(--h2_typography-line-height);--awb-caption-title-letter-spacing:var(--h2_typography-letter-spacing);\"><span class=\" fusion-imageframe imageframe-none imageframe-2 hover-type-none\"><img decoding=\"async\" src=\"data:image\/gif;base64,R0lGODlhAQABAAAAACH5BAEKAAEALAAAAAABAAEAAAICTAEAOw==\" data-orig-src=\"https:\/\/fnleadingtheway.com\/ca-en\/wp-content\/uploads\/2018\/03\/NEWSLETTER-Edition-1-Final-August-10-1-1.jpg\" alt class=\"lazyload img-responsive\"\/><\/span><\/div><div class=\"fusion-sep-clear\"><\/div><div class=\"fusion-separator fusion-full-width-sep\" style=\"margin-left: auto;margin-right: auto;margin-bottom:12px;width:100%;\"><\/div><div class=\"fusion-sep-clear\"><\/div><div class=\"fusion-image-element in-legacy-container\" style=\"--awb-caption-title-font-family:var(--h2_typography-font-family);--awb-caption-title-font-weight:var(--h2_typography-font-weight);--awb-caption-title-font-style:var(--h2_typography-font-style);--awb-caption-title-size:var(--h2_typography-font-size);--awb-caption-title-transform:var(--h2_typography-text-transform);--awb-caption-title-line-height:var(--h2_typography-line-height);--awb-caption-title-letter-spacing:var(--h2_typography-letter-spacing);\"><span class=\" fusion-imageframe imageframe-none imageframe-3 hover-type-none\"><a href=\"https:\/\/fnleadingtheway.com\/ca-en\/wp-content\/uploads\/2018\/03\/Final-Edition-2-The-Lands-Advisor-revised-14.jpg\" class=\"fusion-lightbox\" data-rel=\"iLightbox[ec588743c070634b7b2]\"><img decoding=\"async\" src=\"data:image\/gif;base64,R0lGODlhAQABAAAAACH5BAEKAAEALAAAAAABAAEAAAICTAEAOw==\" data-orig-src=\"https:\/\/fnleadingtheway.com\/ca-en\/wp-content\/uploads\/2018\/03\/Final-Edition-2-The-Lands-Advisor-revised-14.jpg\" alt class=\"lazyload img-responsive\"\/><\/a><\/span><\/div><div class=\"fusion-sep-clear\"><\/div><div class=\"fusion-separator fusion-full-width-sep\" style=\"margin-left: auto;margin-right: auto;margin-bottom:12px;width:100%;\"><\/div><div class=\"fusion-sep-clear\"><\/div><div class=\"fusion-builder-row fusion-builder-row-inner fusion-row\"><div class=\"fusion-layout-column fusion_builder_column_inner fusion-builder-nested-column-0 fusion_builder_column_inner_1_2 1_2 fusion-one-half fusion-column-first\" style=\"--awb-bg-size:cover;--awb-margin-bottom:0px;width:50%;width:calc(50% - ( ( 4% ) * 0.5 ) );margin-right: 4%;\"><div class=\"fusion-column-wrapper fusion-flex-column-wrapper-legacy\"><div class=\"fusion-image-element in-legacy-container\" style=\"--awb-caption-title-font-family:var(--h2_typography-font-family);--awb-caption-title-font-weight:var(--h2_typography-font-weight);--awb-caption-title-font-style:var(--h2_typography-font-style);--awb-caption-title-size:var(--h2_typography-font-size);--awb-caption-title-transform:var(--h2_typography-text-transform);--awb-caption-title-line-height:var(--h2_typography-line-height);--awb-caption-title-letter-spacing:var(--h2_typography-letter-spacing);\"><span class=\" fusion-imageframe imageframe-none imageframe-4 hover-type-none\"><img decoding=\"async\" src=\"data:image\/gif;base64,R0lGODlhAQABAAAAACH5BAEKAAEALAAAAAABAAEAAAICTAEAOw==\" data-orig-src=\"https:\/\/fnleadingtheway.com\/ca-en\/wp-content\/uploads\/2018\/03\/Final-Feb-2018-Newsletter-5.jpg\" alt class=\"lazyload img-responsive\"\/><\/span><\/div><div class=\"fusion-clearfix\"><\/div><\/div><\/div><div class=\"fusion-layout-column fusion_builder_column_inner fusion-builder-nested-column-1 fusion_builder_column_inner_1_2 1_2 fusion-one-half fusion-column-last\" style=\"--awb-bg-size:cover;--awb-margin-bottom:0px;width:50%;width:calc(50% - ( ( 4% ) * 0.5 ) );\"><div class=\"fusion-column-wrapper fusion-flex-column-wrapper-legacy\"><div class=\"fusion-image-element in-legacy-container\" style=\"--awb-caption-title-font-family:var(--h2_typography-font-family);--awb-caption-title-font-weight:var(--h2_typography-font-weight);--awb-caption-title-font-style:var(--h2_typography-font-style);--awb-caption-title-size:var(--h2_typography-font-size);--awb-caption-title-transform:var(--h2_typography-text-transform);--awb-caption-title-line-height:var(--h2_typography-line-height);--awb-caption-title-letter-spacing:var(--h2_typography-letter-spacing);\"><span class=\" fusion-imageframe imageframe-none imageframe-5 hover-type-none\"><img decoding=\"async\" src=\"data:image\/gif;base64,R0lGODlhAQABAAAAACH5BAEKAAEALAAAAAABAAEAAAICTAEAOw==\" data-orig-src=\"https:\/\/fnleadingtheway.com\/ca-en\/wp-content\/uploads\/2018\/03\/Final-Feb-2018-Newsletter-7.jpg\" alt class=\"lazyload img-responsive\"\/><\/span><\/div><div class=\"fusion-clearfix\"><\/div><\/div><\/div><\/div><div class=\"fusion-sep-clear\"><\/div><div class=\"fusion-separator fusion-full-width-sep\" style=\"margin-left: auto;margin-right: auto;margin-bottom:12px;width:100%;\"><\/div><div class=\"fusion-sep-clear\"><\/div><div class=\"fusion-image-element in-legacy-container\" style=\"--awb-caption-title-font-family:var(--h2_typography-font-family);--awb-caption-title-font-weight:var(--h2_typography-font-weight);--awb-caption-title-font-style:var(--h2_typography-font-style);--awb-caption-title-size:var(--h2_typography-font-size);--awb-caption-title-transform:var(--h2_typography-text-transform);--awb-caption-title-line-height:var(--h2_typography-line-height);--awb-caption-title-letter-spacing:var(--h2_typography-letter-spacing);\"><span class=\" fusion-imageframe imageframe-none imageframe-6 hover-type-none\"><a href=\"https:\/\/fnleadingtheway.com\/ca-en\/wp-content\/uploads\/2018\/03\/NEWSLETTER-Edition-1-Final-August-10-1-7.jpg\" class=\"fusion-lightbox\" data-rel=\"iLightbox[e0ee6a4fb057ecb4e99]\"><img decoding=\"async\" src=\"data:image\/gif;base64,R0lGODlhAQABAAAAACH5BAEKAAEALAAAAAABAAEAAAICTAEAOw==\" data-orig-src=\"https:\/\/fnleadingtheway.com\/ca-en\/wp-content\/uploads\/2018\/03\/NEWSLETTER-Edition-1-Final-August-10-1-7.jpg\" alt class=\"lazyload img-responsive\"\/><\/a><\/span><\/div><div class=\"fusion-clearfix\"><\/div><\/div><\/div><\/div><\/div>\n","protected":false},"excerpt":{"rendered":"","protected":false},"author":1,"featured_media":0,"parent":0,"menu_order":0,"comment_status":"closed","ping_status":"closed","template":"","meta":{"footnotes":""},"yoast_head":"<!-- This site is optimized with the Yoast SEO plugin v21.3 - https:\/\/yoast.com\/wordpress\/plugins\/seo\/ -->\n<title>Conseil consultatif des terres (CCT) | Premi\u00e8res Nations en T\u00eate | RENCONTRE NATIONALE DE 2023<\/title>\n<meta name=\"robots\" content=\"index, follow, max-snippet:-1, max-image-preview:large, max-video-preview:-1\" \/>\n<link rel=\"canonical\" href=\"https:\/\/fnleadingtheway.com\/2023-fr\/conseil-consultatif-des-terres-cct\/\" \/>\n<meta property=\"og:locale\" content=\"en_US\" \/>\n<meta property=\"og:type\" content=\"article\" \/>\n<meta property=\"og:title\" content=\"Conseil consultatif des terres (CCT) | Premi\u00e8res Nations en T\u00eate | RENCONTRE NATIONALE DE 2023\" \/>\n<meta property=\"og:url\" content=\"https:\/\/fnleadingtheway.com\/2023-fr\/conseil-consultatif-des-terres-cct\/\" \/>\n<meta property=\"og:site_name\" content=\"Premi\u00e8res Nations en T\u00eate | RENCONTRE NATIONALE DE 2023\" \/>\n<meta property=\"article:modified_time\" content=\"2023-05-22T18:30:31+00:00\" \/>\n<meta name=\"twitter:card\" content=\"summary_large_image\" \/>\n<meta name=\"twitter:label1\" content=\"Est. reading time\" \/>\n\t<meta name=\"twitter:data1\" content=\"3 minutes\" \/>\n<script type=\"application\/ld+json\" class=\"yoast-schema-graph\">{\"@context\":\"https:\/\/schema.org\",\"@graph\":[{\"@type\":\"WebPage\",\"@id\":\"https:\/\/fnleadingtheway.com\/2023-fr\/conseil-consultatif-des-terres-cct\/\",\"url\":\"https:\/\/fnleadingtheway.com\/2023-fr\/conseil-consultatif-des-terres-cct\/\",\"name\":\"Conseil consultatif des terres (CCT) | Premi\u00e8res Nations en T\u00eate | RENCONTRE NATIONALE DE 2023\",\"isPartOf\":{\"@id\":\"https:\/\/fnleadingtheway.com\/2023-fr\/#website\"},\"datePublished\":\"2018-03-02T00:55:05+00:00\",\"dateModified\":\"2023-05-22T18:30:31+00:00\",\"breadcrumb\":{\"@id\":\"https:\/\/fnleadingtheway.com\/2023-fr\/conseil-consultatif-des-terres-cct\/#breadcrumb\"},\"inLanguage\":\"en-CA\",\"potentialAction\":[{\"@type\":\"ReadAction\",\"target\":[\"https:\/\/fnleadingtheway.com\/2023-fr\/conseil-consultatif-des-terres-cct\/\"]}]},{\"@type\":\"BreadcrumbList\",\"@id\":\"https:\/\/fnleadingtheway.com\/2023-fr\/conseil-consultatif-des-terres-cct\/#breadcrumb\",\"itemListElement\":[{\"@type\":\"ListItem\",\"position\":1,\"name\":\"Home\",\"item\":\"https:\/\/fnleadingtheway.com\/2023-fr\/\"},{\"@type\":\"ListItem\",\"position\":2,\"name\":\"Conseil consultatif des terres (CCT)\"}]},{\"@type\":\"WebSite\",\"@id\":\"https:\/\/fnleadingtheway.com\/2023-fr\/#website\",\"url\":\"https:\/\/fnleadingtheway.com\/2023-fr\/\",\"name\":\"Premi\u00e8res Nations en T\u00eate | RENCONTRE NATIONALE DE 2020\",\"description\":\"Les Premi\u00e8res Nations ouvrent la voie. R\u00e9union annuelle des institutions des Premi\u00e8res nations du Canada 2023\",\"publisher\":{\"@id\":\"https:\/\/fnleadingtheway.com\/2023-fr\/#organization\"},\"potentialAction\":[{\"@type\":\"SearchAction\",\"target\":{\"@type\":\"EntryPoint\",\"urlTemplate\":\"https:\/\/fnleadingtheway.com\/2023-fr\/?s={search_term_string}\"},\"query-input\":\"required name=search_term_string\"}],\"inLanguage\":\"en-CA\"},{\"@type\":\"Organization\",\"@id\":\"https:\/\/fnleadingtheway.com\/2023-fr\/#organization\",\"name\":\"INSTITUTIONS FISCALES DES PREMI\u00c8RES NATIONS ET CONSEIL CONSULTATIF DES TERRES\",\"url\":\"https:\/\/fnleadingtheway.com\/2023-fr\/\",\"logo\":{\"@type\":\"ImageObject\",\"inLanguage\":\"en-CA\",\"@id\":\"https:\/\/fnleadingtheway.com\/2023-fr\/#\/schema\/logo\/image\/\",\"url\":\"https:\/\/fnleadingtheway.com\/2022-fr\/wp-content\/uploads\/2019\/03\/FNFILAB-group-logo-400px.png\",\"contentUrl\":\"https:\/\/fnleadingtheway.com\/2022-fr\/wp-content\/uploads\/2019\/03\/FNFILAB-group-logo-400px.png\",\"width\":400,\"height\":68,\"caption\":\"INSTITUTIONS FISCALES DES PREMI\u00c8RES NATIONS ET CONSEIL CONSULTATIF DES TERRES\"},\"image\":{\"@id\":\"https:\/\/fnleadingtheway.com\/2023-fr\/#\/schema\/logo\/image\/\"}}]}<\/script>\n<!-- \/ Yoast SEO plugin. -->","yoast_head_json":{"title":"Conseil consultatif des terres (CCT) | Premi\u00e8res Nations en T\u00eate | RENCONTRE NATIONALE DE 2023","robots":{"index":"index","follow":"follow","max-snippet":"max-snippet:-1","max-image-preview":"max-image-preview:large","max-video-preview":"max-video-preview:-1"},"canonical":"https:\/\/fnleadingtheway.com\/2023-fr\/conseil-consultatif-des-terres-cct\/","og_locale":"en_US","og_type":"article","og_title":"Conseil consultatif des terres (CCT) | Premi\u00e8res Nations en T\u00eate | RENCONTRE NATIONALE DE 2023","og_url":"https:\/\/fnleadingtheway.com\/2023-fr\/conseil-consultatif-des-terres-cct\/","og_site_name":"Premi\u00e8res Nations en T\u00eate | RENCONTRE NATIONALE DE 2023","article_modified_time":"2023-05-22T18:30:31+00:00","twitter_card":"summary_large_image","twitter_misc":{"Est. reading time":"3 minutes"},"schema":{"@context":"https:\/\/schema.org","@graph":[{"@type":"WebPage","@id":"https:\/\/fnleadingtheway.com\/2023-fr\/conseil-consultatif-des-terres-cct\/","url":"https:\/\/fnleadingtheway.com\/2023-fr\/conseil-consultatif-des-terres-cct\/","name":"Conseil consultatif des terres (CCT) | Premi\u00e8res Nations en T\u00eate | RENCONTRE NATIONALE DE 2023","isPartOf":{"@id":"https:\/\/fnleadingtheway.com\/2023-fr\/#website"},"datePublished":"2018-03-02T00:55:05+00:00","dateModified":"2023-05-22T18:30:31+00:00","breadcrumb":{"@id":"https:\/\/fnleadingtheway.com\/2023-fr\/conseil-consultatif-des-terres-cct\/#breadcrumb"},"inLanguage":"en-CA","potentialAction":[{"@type":"ReadAction","target":["https:\/\/fnleadingtheway.com\/2023-fr\/conseil-consultatif-des-terres-cct\/"]}]},{"@type":"BreadcrumbList","@id":"https:\/\/fnleadingtheway.com\/2023-fr\/conseil-consultatif-des-terres-cct\/#breadcrumb","itemListElement":[{"@type":"ListItem","position":1,"name":"Home","item":"https:\/\/fnleadingtheway.com\/2023-fr\/"},{"@type":"ListItem","position":2,"name":"Conseil consultatif des terres (CCT)"}]},{"@type":"WebSite","@id":"https:\/\/fnleadingtheway.com\/2023-fr\/#website","url":"https:\/\/fnleadingtheway.com\/2023-fr\/","name":"Premi\u00e8res Nations en T\u00eate | RENCONTRE NATIONALE DE 2020","description":"Les Premi\u00e8res Nations ouvrent la voie. R\u00e9union annuelle des institutions des Premi\u00e8res nations du Canada 2023","publisher":{"@id":"https:\/\/fnleadingtheway.com\/2023-fr\/#organization"},"potentialAction":[{"@type":"SearchAction","target":{"@type":"EntryPoint","urlTemplate":"https:\/\/fnleadingtheway.com\/2023-fr\/?s={search_term_string}"},"query-input":"required name=search_term_string"}],"inLanguage":"en-CA"},{"@type":"Organization","@id":"https:\/\/fnleadingtheway.com\/2023-fr\/#organization","name":"INSTITUTIONS FISCALES DES PREMI\u00c8RES NATIONS ET CONSEIL CONSULTATIF DES TERRES","url":"https:\/\/fnleadingtheway.com\/2023-fr\/","logo":{"@type":"ImageObject","inLanguage":"en-CA","@id":"https:\/\/fnleadingtheway.com\/2023-fr\/#\/schema\/logo\/image\/","url":"https:\/\/fnleadingtheway.com\/2022-fr\/wp-content\/uploads\/2019\/03\/FNFILAB-group-logo-400px.png","contentUrl":"https:\/\/fnleadingtheway.com\/2022-fr\/wp-content\/uploads\/2019\/03\/FNFILAB-group-logo-400px.png","width":400,"height":68,"caption":"INSTITUTIONS FISCALES DES PREMI\u00c8RES NATIONS ET CONSEIL CONSULTATIF DES TERRES"},"image":{"@id":"https:\/\/fnleadingtheway.com\/2023-fr\/#\/schema\/logo\/image\/"}}]}},"_links":{"self":[{"href":"https:\/\/fnleadingtheway.com\/2023-fr\/wp-json\/wp\/v2\/pages\/384"}],"collection":[{"href":"https:\/\/fnleadingtheway.com\/2023-fr\/wp-json\/wp\/v2\/pages"}],"about":[{"href":"https:\/\/fnleadingtheway.com\/2023-fr\/wp-json\/wp\/v2\/types\/page"}],"author":[{"embeddable":true,"href":"https:\/\/fnleadingtheway.com\/2023-fr\/wp-json\/wp\/v2\/users\/1"}],"replies":[{"embeddable":true,"href":"https:\/\/fnleadingtheway.com\/2023-fr\/wp-json\/wp\/v2\/comments?post=384"}],"version-history":[{"count":6,"href":"https:\/\/fnleadingtheway.com\/2023-fr\/wp-json\/wp\/v2\/pages\/384\/revisions"}],"predecessor-version":[{"id":2604,"href":"https:\/\/fnleadingtheway.com\/2023-fr\/wp-json\/wp\/v2\/pages\/384\/revisions\/2604"}],"wp:attachment":[{"href":"https:\/\/fnleadingtheway.com\/2023-fr\/wp-json\/wp\/v2\/media?parent=384"}],"curies":[{"name":"wp","href":"https:\/\/api.w.org\/{rel}","templated":true}]}}