{"id":3215,"date":"2025-04-03T15:39:14","date_gmt":"2025-04-03T19:39:14","guid":{"rendered":"https:\/\/fnleadingtheway.com\/fr\/?page_id=3215"},"modified":"2026-03-15T14:51:36","modified_gmt":"2026-03-15T18:51:36","slug":"contacter","status":"publish","type":"page","link":"https:\/\/fnleadingtheway.com\/fr\/contacter\/","title":{"rendered":"CONTACTER"},"content":{"rendered":"<div class=\"fusion-fullwidth fullwidth-box fusion-builder-row-1 fusion-flex-container has-pattern-background has-mask-background nonhundred-percent-fullwidth non-hundred-percent-height-scrolling fusion-custom-z-index\" style=\"--awb-background-blend-mode:overlay;--awb-border-radius-top-left:0px;--awb-border-radius-top-right:0px;--awb-border-radius-bottom-right:0px;--awb-border-radius-bottom-left:0px;--awb-z-index:0;--awb-padding-top:55px;--awb-padding-right:75px;--awb-padding-bottom:72px;--awb-padding-left:75px;--awb-padding-top-medium:35px;--awb-padding-right-medium:35px;--awb-padding-bottom-medium:25px;--awb-padding-left-medium:35px;--awb-padding-top-small:20px;--awb-padding-right-small:20px;--awb-padding-bottom-small:20px;--awb-padding-left-small:20px;--awb-margin-top:0px;--awb-margin-bottom:0px;--awb-background-color:rgba(0,0,0,0.7);--awb-flex-wrap:wrap;\" ><div class=\"fusion-builder-row fusion-row fusion-flex-align-items-stretch fusion-flex-content-wrap\" style=\"max-width:calc( 1280px + 0px );margin-left: calc(-0px \/ 2 );margin-right: calc(-0px \/ 2 );\"><div class=\"fusion-layout-column fusion_builder_column fusion-builder-column-0 fusion_builder_column_1_1 1_1 fusion-flex-column fusion-flex-align-self-center\" style=\"--awb-padding-top:54px;--awb-padding-right:40px;--awb-padding-bottom:30px;--awb-padding-left:48px;--awb-padding-top-medium:35px;--awb-padding-right-medium:35px;--awb-padding-bottom-medium:38px;--awb-padding-left-medium:35px;--awb-padding-top-small:20px;--awb-padding-right-small:20px;--awb-padding-bottom-small:20px;--awb-padding-left-small:20px;--awb-bg-color:#ffffff;--awb-bg-color-hover:#ffffff;--awb-bg-size:cover;--awb-width-large:100%;--awb-margin-top-large:-100px;--awb-spacing-right-large:0;--awb-margin-bottom-large:0px;--awb-spacing-left-large:0px;--awb-width-medium:100%;--awb-order-medium:0;--awb-spacing-right-medium:0px;--awb-spacing-left-medium:0px;--awb-width-small:100%;--awb-order-small:0;--awb-margin-top-small:0;--awb-spacing-right-small:0px;--awb-margin-bottom-small:0;--awb-spacing-left-small:0px;\" id=\"left\" data-motion-effects=\"[{&quot;type&quot;:&quot;&quot;,&quot;scroll_type&quot;:&quot;transition&quot;,&quot;scroll_direction&quot;:&quot;up&quot;,&quot;transition_speed&quot;:&quot;1&quot;,&quot;fade_type&quot;:&quot;in&quot;,&quot;scale_type&quot;:&quot;up&quot;,&quot;initial_scale&quot;:&quot;1&quot;,&quot;max_scale&quot;:&quot;1.5&quot;,&quot;min_scale&quot;:&quot;0.5&quot;,&quot;initial_rotate&quot;:&quot;0&quot;,&quot;end_rotate&quot;:&quot;30&quot;,&quot;initial_blur&quot;:&quot;0&quot;,&quot;end_blur&quot;:&quot;3&quot;,&quot;start_element&quot;:&quot;top&quot;,&quot;start_viewport&quot;:&quot;bottom&quot;,&quot;end_element&quot;:&quot;bottom&quot;,&quot;end_viewport&quot;:&quot;top&quot;,&quot;mouse_effect&quot;:&quot;track&quot;,&quot;mouse_effect_direction&quot;:&quot;opposite&quot;,&quot;mouse_effect_speed&quot;:&quot;2&quot;,&quot;infinite_animation&quot;:&quot;float&quot;,&quot;infinite_animation_speed&quot;:&quot;2&quot;}]\" data-scroll-devices=\"small-visibility,medium-visibility,large-visibility\"><div class=\"fusion-column-wrapper fusion-column-has-shadow fusion-flex-justify-content-flex-start fusion-content-layout-column\"><div class=\"fusion-text fusion-text-1\"><h1 style=\"text-align: center;\">Contacter FNLTW 9<\/h1>\n<\/div><div class=\"fusion-separator fusion-full-width-sep\" style=\"align-self: center;margin-left: auto;margin-right: auto;margin-top:14px;width:100%;\"><\/div><div class=\"fusion-text fusion-text-2\"><div class=\"wpforms-container wpforms-container-full wpforms-render-modern\" id=\"wpforms-2605\"><form id=\"wpforms-form-2605\" class=\"wpforms-validate wpforms-form wpforms-ajax-form\" data-formid=\"2605\" method=\"post\" enctype=\"multipart\/form-data\" action=\"\/fr\/wp-json\/wp\/v2\/pages\/3215\" data-token=\"e4428826f7ebb3ee9106626f0c67b64c\"><noscript class=\"wpforms-error-noscript\">Please enable JavaScript in your browser to complete this form.<\/noscript><div class=\"wpforms-hidden\" id=\"wpforms-error-noscript\">Please enable JavaScript in your browser to complete this form.<\/div><div class=\"wpforms-field-container\"><div id=\"wpforms-2605-field_0-container\" class=\"wpforms-field wpforms-field-name\" data-field-id=\"0\"><label class=\"wpforms-field-label\" for=\"wpforms-2605-field_0\">Nom : <span class=\"wpforms-required-label\" aria-hidden=\"true\">*<\/span><\/label><input type=\"text\" id=\"wpforms-2605-field_0\" class=\"wpforms-field-large wpforms-field-required\" name=\"wpforms[fields][0]\" aria-errormessage=\"wpforms-2605-field_0-error\" required><\/div><div id=\"wpforms-2605-field_1-container\" class=\"wpforms-field wpforms-field-email\" data-field-id=\"1\"><label class=\"wpforms-field-label\" for=\"wpforms-2605-field_1\">Courriel : <span class=\"wpforms-required-label\" aria-hidden=\"true\">*<\/span><\/label><input type=\"email\" id=\"wpforms-2605-field_1\" class=\"wpforms-field-large wpforms-field-required\" name=\"wpforms[fields][1]\" spellcheck=\"false\" aria-errormessage=\"wpforms-2605-field_1-error\" required><\/div><div id=\"wpforms-2605-field_2-container\" class=\"wpforms-field wpforms-field-textarea\" data-field-id=\"2\"><label class=\"wpforms-field-label\" for=\"wpforms-2605-field_2\">D\u00e9tails :<\/label><textarea id=\"wpforms-2605-field_2\" class=\"wpforms-field-medium\" name=\"wpforms[fields][2]\" aria-errormessage=\"wpforms-2605-field_2-error\" ><\/textarea><\/div><\/div><!-- .wpforms-field-container --><div class=\"wpforms-submit-container\" ><input type=\"hidden\" name=\"wpforms[id]\" value=\"2605\"><input type=\"hidden\" name=\"wpforms[author]\" value=\"1\"><button type=\"submit\" name=\"wpforms[submit]\" id=\"wpforms-submit-2605\" class=\"wpforms-submit\" data-alt-text=\"Envoi...\" data-submit-text=\"ENVOYER\" aria-live=\"assertive\" value=\"wpforms-submit\">ENVOYER<\/button><img src=\"data:image\/svg+xml,%3Csvg%20xmlns%3D%27http%3A%2F%2Fwww.w3.org%2F2000%2Fsvg%27%20width%3D%2726%27%20height%3D%2726%27%20viewBox%3D%270%200%2026%2026%27%3E%3Crect%20width%3D%2726%27%20height%3D%2726%27%20fill-opacity%3D%220%22%2F%3E%3C%2Fsvg%3E\" data-orig-src=\"https:\/\/fnleadingtheway.com\/fr\/wp-content\/plugins\/wpforms-lite\/assets\/images\/submit-spin.svg\" class=\"lazyload wpforms-submit-spinner\" style=\"display: none;\" width=\"26\" height=\"26\" alt=\"Loading\"><\/div><\/form><\/div>  <!-- .wpforms-container -->\n<\/div><\/div><\/div><\/div><\/div>\n","protected":false},"excerpt":{"rendered":"","protected":false},"author":1,"featured_media":0,"parent":0,"menu_order":0,"comment_status":"closed","ping_status":"open","template":"","meta":{"footnotes":""},"yoast_head":"<!-- This site is optimized with the Yoast SEO plugin v21.3 - https:\/\/yoast.com\/wordpress\/plugins\/seo\/ -->\n<title>CONTACTER | Premi\u00e8res Nations en T\u00eate | RENCONTRE NATIONALE<\/title>\n<meta name=\"robots\" content=\"index, follow, max-snippet:-1, max-image-preview:large, max-video-preview:-1\" \/>\n<link rel=\"canonical\" href=\"https:\/\/fnleadingtheway.com\/fr\/contacter\/\" \/>\n<meta property=\"og:locale\" content=\"en_US\" \/>\n<meta property=\"og:type\" content=\"article\" \/>\n<meta property=\"og:title\" content=\"CONTACTER | Premi\u00e8res Nations en T\u00eate | RENCONTRE NATIONALE\" \/>\n<meta property=\"og:url\" content=\"https:\/\/fnleadingtheway.com\/fr\/contacter\/\" \/>\n<meta property=\"og:site_name\" content=\"Premi\u00e8res Nations en T\u00eate | RENCONTRE NATIONALE\" \/>\n<meta property=\"article:modified_time\" content=\"2026-03-15T18:51:36+00:00\" \/>\n<meta name=\"twitter:card\" content=\"summary_large_image\" \/>\n<meta name=\"twitter:label1\" content=\"Est. reading time\" \/>\n\t<meta name=\"twitter:data1\" content=\"2 minutes\" \/>\n<script type=\"application\/ld+json\" class=\"yoast-schema-graph\">{\"@context\":\"https:\/\/schema.org\",\"@graph\":[{\"@type\":\"WebPage\",\"@id\":\"https:\/\/fnleadingtheway.com\/fr\/contacter\/\",\"url\":\"https:\/\/fnleadingtheway.com\/fr\/contacter\/\",\"name\":\"CONTACTER | Premi\u00e8res Nations en T\u00eate | RENCONTRE NATIONALE\",\"isPartOf\":{\"@id\":\"https:\/\/fnleadingtheway.com\/fr\/#website\"},\"datePublished\":\"2025-04-03T19:39:14+00:00\",\"dateModified\":\"2026-03-15T18:51:36+00:00\",\"breadcrumb\":{\"@id\":\"https:\/\/fnleadingtheway.com\/fr\/contacter\/#breadcrumb\"},\"inLanguage\":\"en-CA\",\"potentialAction\":[{\"@type\":\"ReadAction\",\"target\":[\"https:\/\/fnleadingtheway.com\/fr\/contacter\/\"]}]},{\"@type\":\"BreadcrumbList\",\"@id\":\"https:\/\/fnleadingtheway.com\/fr\/contacter\/#breadcrumb\",\"itemListElement\":[{\"@type\":\"ListItem\",\"position\":1,\"name\":\"Home\",\"item\":\"https:\/\/fnleadingtheway.com\/fr\/\"},{\"@type\":\"ListItem\",\"position\":2,\"name\":\"CONTACTER\"}]},{\"@type\":\"WebSite\",\"@id\":\"https:\/\/fnleadingtheway.com\/fr\/#website\",\"url\":\"https:\/\/fnleadingtheway.com\/fr\/\",\"name\":\"Premi\u00e8res Nations en T\u00eate | RENCONTRE NATIONALE DE 2020\",\"description\":\"Les Premi\u00e8res Nations ouvrent la voie. R\u00e9union annuelle des institutions des Premi\u00e8res nations du Canada\",\"publisher\":{\"@id\":\"https:\/\/fnleadingtheway.com\/fr\/#organization\"},\"potentialAction\":[{\"@type\":\"SearchAction\",\"target\":{\"@type\":\"EntryPoint\",\"urlTemplate\":\"https:\/\/fnleadingtheway.com\/fr\/?s={search_term_string}\"},\"query-input\":\"required name=search_term_string\"}],\"inLanguage\":\"en-CA\"},{\"@type\":\"Organization\",\"@id\":\"https:\/\/fnleadingtheway.com\/fr\/#organization\",\"name\":\"INSTITUTIONS FISCALES DES PREMI\u00c8RES NATIONS ET CONSEIL CONSULTATIF DES TERRES\",\"url\":\"https:\/\/fnleadingtheway.com\/fr\/\",\"logo\":{\"@type\":\"ImageObject\",\"inLanguage\":\"en-CA\",\"@id\":\"https:\/\/fnleadingtheway.com\/fr\/#\/schema\/logo\/image\/\",\"url\":\"https:\/\/fnleadingtheway.com\/2022-fr\/wp-content\/uploads\/2019\/03\/FNFILAB-group-logo-400px.png\",\"contentUrl\":\"https:\/\/fnleadingtheway.com\/2022-fr\/wp-content\/uploads\/2019\/03\/FNFILAB-group-logo-400px.png\",\"width\":400,\"height\":68,\"caption\":\"INSTITUTIONS FISCALES DES PREMI\u00c8RES NATIONS ET CONSEIL CONSULTATIF DES TERRES\"},\"image\":{\"@id\":\"https:\/\/fnleadingtheway.com\/fr\/#\/schema\/logo\/image\/\"}}]}<\/script>\n<!-- \/ Yoast SEO plugin. -->","yoast_head_json":{"title":"CONTACTER | Premi\u00e8res Nations en T\u00eate | RENCONTRE NATIONALE","robots":{"index":"index","follow":"follow","max-snippet":"max-snippet:-1","max-image-preview":"max-image-preview:large","max-video-preview":"max-video-preview:-1"},"canonical":"https:\/\/fnleadingtheway.com\/fr\/contacter\/","og_locale":"en_US","og_type":"article","og_title":"CONTACTER | Premi\u00e8res Nations en T\u00eate | RENCONTRE NATIONALE","og_url":"https:\/\/fnleadingtheway.com\/fr\/contacter\/","og_site_name":"Premi\u00e8res Nations en T\u00eate | RENCONTRE NATIONALE","article_modified_time":"2026-03-15T18:51:36+00:00","twitter_card":"summary_large_image","twitter_misc":{"Est. reading time":"2 minutes"},"schema":{"@context":"https:\/\/schema.org","@graph":[{"@type":"WebPage","@id":"https:\/\/fnleadingtheway.com\/fr\/contacter\/","url":"https:\/\/fnleadingtheway.com\/fr\/contacter\/","name":"CONTACTER | Premi\u00e8res Nations en T\u00eate | RENCONTRE NATIONALE","isPartOf":{"@id":"https:\/\/fnleadingtheway.com\/fr\/#website"},"datePublished":"2025-04-03T19:39:14+00:00","dateModified":"2026-03-15T18:51:36+00:00","breadcrumb":{"@id":"https:\/\/fnleadingtheway.com\/fr\/contacter\/#breadcrumb"},"inLanguage":"en-CA","potentialAction":[{"@type":"ReadAction","target":["https:\/\/fnleadingtheway.com\/fr\/contacter\/"]}]},{"@type":"BreadcrumbList","@id":"https:\/\/fnleadingtheway.com\/fr\/contacter\/#breadcrumb","itemListElement":[{"@type":"ListItem","position":1,"name":"Home","item":"https:\/\/fnleadingtheway.com\/fr\/"},{"@type":"ListItem","position":2,"name":"CONTACTER"}]},{"@type":"WebSite","@id":"https:\/\/fnleadingtheway.com\/fr\/#website","url":"https:\/\/fnleadingtheway.com\/fr\/","name":"Premi\u00e8res Nations en T\u00eate | RENCONTRE NATIONALE DE 2020","description":"Les Premi\u00e8res Nations ouvrent la voie. R\u00e9union annuelle des institutions des Premi\u00e8res nations du Canada","publisher":{"@id":"https:\/\/fnleadingtheway.com\/fr\/#organization"},"potentialAction":[{"@type":"SearchAction","target":{"@type":"EntryPoint","urlTemplate":"https:\/\/fnleadingtheway.com\/fr\/?s={search_term_string}"},"query-input":"required name=search_term_string"}],"inLanguage":"en-CA"},{"@type":"Organization","@id":"https:\/\/fnleadingtheway.com\/fr\/#organization","name":"INSTITUTIONS FISCALES DES PREMI\u00c8RES NATIONS ET CONSEIL CONSULTATIF DES TERRES","url":"https:\/\/fnleadingtheway.com\/fr\/","logo":{"@type":"ImageObject","inLanguage":"en-CA","@id":"https:\/\/fnleadingtheway.com\/fr\/#\/schema\/logo\/image\/","url":"https:\/\/fnleadingtheway.com\/2022-fr\/wp-content\/uploads\/2019\/03\/FNFILAB-group-logo-400px.png","contentUrl":"https:\/\/fnleadingtheway.com\/2022-fr\/wp-content\/uploads\/2019\/03\/FNFILAB-group-logo-400px.png","width":400,"height":68,"caption":"INSTITUTIONS FISCALES DES PREMI\u00c8RES NATIONS ET CONSEIL CONSULTATIF DES TERRES"},"image":{"@id":"https:\/\/fnleadingtheway.com\/fr\/#\/schema\/logo\/image\/"}}]}},"_links":{"self":[{"href":"https:\/\/fnleadingtheway.com\/fr\/wp-json\/wp\/v2\/pages\/3215"}],"collection":[{"href":"https:\/\/fnleadingtheway.com\/fr\/wp-json\/wp\/v2\/pages"}],"about":[{"href":"https:\/\/fnleadingtheway.com\/fr\/wp-json\/wp\/v2\/types\/page"}],"author":[{"embeddable":true,"href":"https:\/\/fnleadingtheway.com\/fr\/wp-json\/wp\/v2\/users\/1"}],"replies":[{"embeddable":true,"href":"https:\/\/fnleadingtheway.com\/fr\/wp-json\/wp\/v2\/comments?post=3215"}],"version-history":[{"count":11,"href":"https:\/\/fnleadingtheway.com\/fr\/wp-json\/wp\/v2\/pages\/3215\/revisions"}],"predecessor-version":[{"id":3733,"href":"https:\/\/fnleadingtheway.com\/fr\/wp-json\/wp\/v2\/pages\/3215\/revisions\/3733"}],"wp:attachment":[{"href":"https:\/\/fnleadingtheway.com\/fr\/wp-json\/wp\/v2\/media?parent=3215"}],"curies":[{"name":"wp","href":"https:\/\/api.w.org\/{rel}","templated":true}]}}